{"id":85,"date":"2017-02-09T13:17:13","date_gmt":"2017-02-09T13:17:13","guid":{"rendered":"http:\/\/rustystyle.be\/?page_id=85"},"modified":"2025-02-10T15:06:55","modified_gmt":"2025-02-10T13:06:55","slug":"corten-steel-2","status":"publish","type":"page","link":"https:\/\/rustystyle.be\/fr\/corten-steel-2\/","title":{"rendered":"Acier Corten"},"content":{"rendered":"<div class=\"wpb-content-wrapper\"><div class=\"vc_row wpb_row vc_row-fluid\"><div class=\"wpb_column vc_column_container vc_col-sm-12 sc_layouts_column_icons_position_left\"><div class=\"vc_column-inner\"><div class=\"wpb_wrapper\"><div class=\"vc_empty_space  height_large\"   style=\"height: 32px\"><span class=\"vc_empty_space_inner\"><\/span><\/div><div class=\"sc_services sc_services_default equal-images-services\"><h6 class=\"sc_item_subtitle sc_services_subtitle sc_align_center sc_item_title_style_default\">Corten<\/h6><h2 class=\"sc_item_title sc_services_title sc_align_center sc_item_title_style_default sc_item_title_tag\">COMMERCE DE D\u00c9TAIL<\/h2><div class=\"sc_item_descr sc_services_descr sc_align_center\">De l'acier intemporel et \u00e9l\u00e9gant pour r\u00e9pondre \u00e0 vos besoins uniques\n<div class=\"susisiekitebtnitb\"><a href=\"\/fr\/kontaktai\/\" class=\"sc_action_item_link sc_button_hover_slide_left\">Envoyer une demande<\/a><\/div><\/div><div class=\"sc_services_columns sc_item_columns sc_item_columns_3 trx_addons_columns_wrap columns_padding_bottom\"><div class=\"trx_addons_column-1_3\"><div class=\"sc_services_item with_content with_image sc_services_item_featured_top\">\n\t<div class=\"post_featured with_thumb hover_icon sc_services_item_thumb\"><img loading=\"lazy\" decoding=\"async\" width=\"740\" height=\"493\" src=\"https:\/\/rustystyle.be\/wp-content\/uploads\/2017\/02\/corten_plieno_lakstai-1-740x493.jpg\" class=\"attachment-franco-thumb-med size-franco-thumb-med wp-post-image\" alt=\"Corten Steel Sheets\" srcset=\"https:\/\/rustystyle.be\/wp-content\/uploads\/2017\/02\/corten_plieno_lakstai-1.jpg 740w, https:\/\/rustystyle.be\/wp-content\/uploads\/2017\/02\/corten_plieno_lakstai-1-300x200.jpg 300w, https:\/\/rustystyle.be\/wp-content\/uploads\/2017\/02\/corten_plieno_lakstai-1-370x247.jpg 370w\" sizes=\"(max-width: 740px) 100vw, 740px\" \/><div class=\"mask\"><\/div><div class=\"icons\"><a href=\"https:\/\/rustystyle.be\/fr\/services\/corten-steel-sheets-2\/\" aria-hidden=\"true\" class=\"icon-009-link\"><\/a><\/div><\/div>\t\n\t<div class=\"sc_services_item_info\">\n\t\t<div class=\"sc_services_item_header\">\n\t\t\t<h3 class=\"sc_services_item_title\"><a href=\"https:\/\/rustystyle.be\/fr\/services\/corten-steel-sheets-2\/\">T\u00f4les en Corten<\/a><\/h3>\n\t\t<\/div>\n\t\t\t<\/div>\n<\/div>\n<\/div><div class=\"trx_addons_column-1_3\"><div class=\"sc_services_item with_content with_image sc_services_item_featured_top\">\n\t<div class=\"post_featured with_thumb hover_icon sc_services_item_thumb\"><img loading=\"lazy\" decoding=\"async\" width=\"564\" height=\"423\" src=\"https:\/\/rustystyle.be\/wp-content\/uploads\/2017\/02\/ewfef.jpg\" class=\"attachment-franco-thumb-med size-franco-thumb-med wp-post-image\" alt=\"Perforated Corten Sheets\" srcset=\"https:\/\/rustystyle.be\/wp-content\/uploads\/2017\/02\/ewfef.jpg 564w, https:\/\/rustystyle.be\/wp-content\/uploads\/2017\/02\/ewfef-300x225.jpg 300w, https:\/\/rustystyle.be\/wp-content\/uploads\/2017\/02\/ewfef-370x278.jpg 370w\" sizes=\"(max-width: 564px) 100vw, 564px\" \/><div class=\"mask\"><\/div><div class=\"icons\"><a href=\"https:\/\/rustystyle.be\/fr\/services\/perforated-corten-sheets-2\/\" aria-hidden=\"true\" class=\"icon-009-link\"><\/a><\/div><\/div>\t\n\t<div class=\"sc_services_item_info\">\n\t\t<div class=\"sc_services_item_header\">\n\t\t\t<h3 class=\"sc_services_item_title\"><a href=\"https:\/\/rustystyle.be\/fr\/services\/perforated-corten-sheets-2\/\">T\u00f4les perfor\u00e9es en Corten<\/a><\/h3>\n\t\t<\/div>\n\t\t\t<\/div>\n<\/div>\n<\/div><div class=\"trx_addons_column-1_3\"><div class=\"sc_services_item with_content with_image sc_services_item_featured_top\">\n\t<div class=\"post_featured with_thumb hover_icon sc_services_item_thumb\"><img loading=\"lazy\" decoding=\"async\" width=\"600\" height=\"400\" src=\"https:\/\/rustystyle.be\/wp-content\/uploads\/2018\/02\/kirst3.jpg\" class=\"attachment-franco-thumb-med size-franco-thumb-med wp-post-image\" alt=\"Cross-Drawn Corten Sheets\" srcset=\"https:\/\/rustystyle.be\/wp-content\/uploads\/2018\/02\/kirst3.jpg 600w, https:\/\/rustystyle.be\/wp-content\/uploads\/2018\/02\/kirst3-300x200.jpg 300w, https:\/\/rustystyle.be\/wp-content\/uploads\/2018\/02\/kirst3-370x247.jpg 370w\" sizes=\"(max-width: 600px) 100vw, 600px\" \/><div class=\"mask\"><\/div><div class=\"icons\"><a href=\"https:\/\/rustystyle.be\/fr\/services\/cross-expanded-corten-sheets-2\/\" aria-hidden=\"true\" class=\"icon-009-link\"><\/a><\/div><\/div>\t\n\t<div class=\"sc_services_item_info\">\n\t\t<div class=\"sc_services_item_header\">\n\t\t\t<h3 class=\"sc_services_item_title\"><a href=\"https:\/\/rustystyle.be\/fr\/services\/cross-expanded-corten-sheets-2\/\">T\u00f4les nervur\u00e9es crois\u00e9es en Corten<\/a><\/h3>\n\t\t<\/div>\n\t\t\t<\/div>\n<\/div>\n<\/div><\/div><\/div><!-- \/.sc_services --><\/div><\/div><\/div><\/div><div class=\"vc_row wpb_row vc_row-fluid\"><div class=\"wpb_column vc_column_container vc_col-sm-12 sc_layouts_column_icons_position_left\"><div class=\"vc_column-inner\"><div class=\"wpb_wrapper\"><div class=\"sc_layouts sc_layouts_default sc_layouts_759\"><div data-vc-full-width=\"true\" data-vc-full-width-init=\"false\" data-vc-parallax=\"1.5\" class=\"vc_row wpb_row vc_row-fluid vc_custom_1512672859179 vc_row-has-fill vc_general vc_parallax vc_parallax-content-moving\"><div class=\"wpb_column vc_column_container vc_col-sm-12 sc_layouts_column_icons_position_left\"><div class=\"vc_column-inner\"><div class=\"wpb_wrapper\"><div class=\"sc_layouts_item\"><div id=\"sc_title_995959525\"\n\t\tclass=\"sc_title sc_title_default\"><h6 class=\"sc_item_subtitle sc_title_subtitle sc_align_center sc_item_title_style_default\">Corten<\/h6><h2 class=\"sc_item_title sc_title_title sc_align_center sc_item_title_style_default sc_item_title_tag\">CARACT\u00c9RISTIQUES<\/h2><\/div><!-- \/.sc_title --><\/div><div class=\"vc_empty_space  height_medium\"   style=\"height: 32px\"><span class=\"vc_empty_space_inner\"><\/span><\/div><div class=\"vc_empty_space  vc_custom_1489070140482 height_small\"   style=\"height: 32px\"><span class=\"vc_empty_space_inner\"><\/span><\/div>\n\t<div class=\"wpb_text_column wpb_content_element  about-corten-steel scheme_dark\" >\n\t\t<div class=\"wpb_wrapper\">\n\t\t\t<p>L'acier Corten est un acier de construction r\u00e9sistant aux intemp\u00e9ries qui offre une durabilit\u00e9 et des performances \u00e9quivalentes \u00e0 celles de l'acier inoxydable. Produit exclusivement sous licence de l'US Steel Corporation, il est tr\u00e8s r\u00e9sistant \u00e0 la corrosion atmosph\u00e9rique gr\u00e2ce \u00e0 l'ajout de petites quantit\u00e9s de chrome, de cuivre et de nickel. Cet acier peut \u00eatre utilis\u00e9 \u00e0 l'ext\u00e9rieur sans aucun rev\u00eatement protecteur, car l'exposition aux conditions m\u00e9t\u00e9orologiques changeantes (cycles humides et secs) forme naturellement une patine protectrice. En termes simples, l'acier rouille, et cette rouille devient son bouclier.<\/p>\n<p>Cet acier est non seulement moderne, mais aussi exceptionnellement durable. La d\u00e9licate patine brune qui recouvre sa surface le rend tr\u00e8s pratique, car elle \u00e9limine le besoin de nettoyage ou de repeinture tout en garantissant une r\u00e9sistance sup\u00e9rieure \u00e0 la corrosion. Gr\u00e2ce aux \u00e9l\u00e9ments d'alliage, la patine est dense et presque imperm\u00e9able \u00e0 l'oxyg\u00e8ne. En fait, une exposition r\u00e9guli\u00e8re \u00e0 l'humidit\u00e9 suivie d'un s\u00e9chage prolonge encore la dur\u00e9e de vie de l'acier Corten.<\/p>\n<p>La surface de l'acier Corten change au fil des ans :<\/p>\n<p><img loading=\"lazy\" decoding=\"async\" class=\"aligncenter wp-image-1475 size-franco-thumb-big\" src=\"http:\/\/rustystyle.be\/wp-content\/uploads\/2018\/03\/Plieno-kitimas-770x425.jpg\" alt=\"\" width=\"770\" height=\"425\" \/><\/p>\n<p>L'acier Corten est un mat\u00e9riau remarquable qui gagne en popularit\u00e9 dans les jardins et les espaces urbains du monde entier. Sa couleur orange intense caract\u00e9ristique et sa surface naturellement oxyd\u00e9e en font un choix tr\u00e8s pris\u00e9 pour les projets architecturaux. Cet acier est couramment utilis\u00e9 dans l'architecture paysag\u00e8re, les fa\u00e7ades, les cl\u00f4tures, les luminaires et diverses autres applications ext\u00e9rieures. Le choix de l'acier Corten \u00e9limine de nombreux probl\u00e8mes courants : il n'y a aucun risque que la peinture s'\u00e9caille avec le temps (un probl\u00e8me fr\u00e9quent avec les m\u00e9taux peints), que la corrosion affaiblisse la structure (un probl\u00e8me courant avec les produits d'ext\u00e9rieur mal pr\u00e9par\u00e9s) ou que le mat\u00e9riau devienne obsol\u00e8te (car la couleur de l'acier Corten \u00e9volue continuellement). En fait, ce m\u00e9tal se renforce avec le temps, car sa couche de patine scelle les pores du m\u00e9tal et emp\u00eache toute corrosion suppl\u00e9mentaire.<\/p>\n<p>Chaque produit en acier Corten est unique, avec des variations dans l'intensit\u00e9 de sa patine. Au d\u00e9part, la surface est d'un orange vif, mais elle s'assombrit avec le temps. L'exposition \u00e0 diff\u00e9rentes conditions m\u00e9t\u00e9orologiques, telles que les variations de temp\u00e9rature, la pluie, le soleil, l'ombre, l'humidit\u00e9 et le contact avec d'autres mat\u00e9riaux, renforce encore son esth\u00e9tique individuelle, rendant chaque pi\u00e8ce unique.<\/p>\n<p>Bien que l'acier Corten soit principalement utilis\u00e9 pour des applications ext\u00e9rieures, il pr\u00e9sente \u00e9galement un grand potentiel pour la d\u00e9coration int\u00e9rieure. Cependant, dans les environnements int\u00e9rieurs, le mat\u00e9riau doit \u00eatre trait\u00e9 avec des rev\u00eatements protecteurs sp\u00e9ciaux (voir la section \u00ab M\u00e9thodes de protection contre la rouille \u00bb).<\/p>\n<p>Pour d\u00e9couvrir les diff\u00e9rentes utilisations de cet acier, essayez de rechercher des mots-cl\u00e9s tels que \u00ab produits Corten \u00bb ou \u00ab design Corten \u00bb dans Google Images.<\/p>\n<p>Bien que l'acier Corten soit particuli\u00e8rement adapt\u00e9 aux environnements ext\u00e9rieurs, o\u00f9 l'exposition \u00e0 la pluie et aux cycles de s\u00e9chage cr\u00e9e son effet brunissant caract\u00e9ristique, de nombreuses personnes int\u00e8grent d\u00e9sormais son aspect saisissant dans des espaces int\u00e9rieurs, par exemple dans des meubles, des \u00e9l\u00e9ments muraux et des bases de chemin\u00e9es. Il est important de noter que sans humidification et s\u00e9chage r\u00e9guliers, le processus naturel de brunissement ne se produit pas. Cependant, cet effet peut \u00eatre obtenu artificiellement \u00e0 l'aide de produits chimiques sp\u00e9ciaux, en appliquant d'abord un activateur de brunissement, puis un vernis d'int\u00e9rieur pour sceller la couche de patine.<\/p>\n<p>Pour plus d'inspiration en mati\u00e8re de design d'int\u00e9rieur utilisant l'acier Corten, essayez de rechercher des mots-cl\u00e9s tels que \u00ab Corten int\u00e9rieur \u00bb ou \u00ab Corten inside \u00bb dans les moteurs de recherche.<\/p>\n\n\t\t<\/div>\n\t<\/div>\n<div class=\"vc_empty_space  vc_custom_1489070323056 height_huge\"   style=\"height: 32px\"><span class=\"vc_empty_space_inner\"><\/span><\/div><\/div><\/div><\/div><\/div><div class=\"vc_row-full-width vc_clearfix\"><\/div><\/div><\/div><\/div><\/div><\/div><div class=\"vc_row wpb_row vc_row-fluid\"><div class=\"wpb_column vc_column_container vc_col-sm-12 sc_layouts_column_icons_position_left\"><div class=\"vc_column-inner\"><div class=\"wpb_wrapper\"><div class=\"sc_layouts sc_layouts_default sc_layouts_619\"><div data-vc-full-width=\"true\" data-vc-full-width-init=\"false\" class=\"vc_row wpb_row vc_row-fluid vc_custom_1509383582769 vc_row-has-fill\"><div class=\"wpb_column vc_column_container vc_col-sm-6 sc_layouts_column_icons_position_left\"><div class=\"vc_column-inner\"><div class=\"wpb_wrapper\"><div class=\"vc_empty_space  height_biggest\"   style=\"height: 32px\"><span class=\"vc_empty_space_inner\"><\/span><\/div><div class=\"sc_layouts_item\"><div  id=\"sc_action_893667738\" \n\tclass=\"sc_action sc_action_medium\"><div class=\"sc_action_content sc_item_content\"><div class=\"sc_action_item sc_action_item_medium sc_action_item_mc\">\n\t\t\t<h3 class=\"sc_action_item_title\"><span>Vous avez des questions ? Besoin d'une consultation ?<\/span><\/h3><div class=\"sc_action_item_description\"><span>Contactez-nous, et nous serons ravis de vous conseiller, de vous aider \u00e0 choisir les bonnes options, de planifier efficacement les mat\u00e9riaux et les quantit\u00e9s, d'\u00e9valuer le budget et de discuter des possibilit\u00e9s d'installation et d'autres questions connexes.<\/span><\/div><a href=\"http:\/\/rustystyle.be\/fr\/kontaktai-en\/\" class=\"sc_action_item_link\">Envoyer une demande<\/a><\/div><\/div><\/div><!-- \/.sc_action --><\/div><div class=\"vc_empty_space  vc_custom_1489072517773 height_biggest\"   style=\"height: 32px\"><span class=\"vc_empty_space_inner\"><\/span><\/div><\/div><\/div><\/div><div class=\"wpb_column vc_column_container vc_col-sm-6 sc_layouts_column_icons_position_left\"><div class=\"vc_column-inner\"><div class=\"wpb_wrapper\"><\/div><\/div><\/div><\/div><div class=\"vc_row-full-width vc_clearfix\"><\/div><\/div><\/div><\/div><\/div><\/div>\n<\/div>","protected":false},"excerpt":{"rendered":"FOR VARIOUS NEEDSCROSS-DRAWN CORTEN SHEETSSubmit a Request Expanded Corten steel sheets are a modern decorative material widely used in contemporary architectural and construction design. These sheets seamlessly integrate into unique interior and exterior applications such as ventilated facades, fences, lattice&hellip;","protected":false},"author":1,"featured_media":0,"parent":0,"menu_order":0,"comment_status":"closed","ping_status":"closed","template":"","meta":{"_acf_changed":false,"inline_featured_image":false,"footnotes":""},"acf":[],"aioseo_notices":[],"yoast_head":"<!-- This site is optimized with the Yoast SEO plugin v22.5 - https:\/\/yoast.com\/wordpress\/plugins\/seo\/ -->\n<title>Corten steel - Rusty.lt<\/title>\n<meta name=\"description\" content=\"Trade in Corten Steel and Various Products. Great prices on Corten steel. Corten steel is a weather-resistant structural steel that rivals stainless steel in durability and performance.\" \/>\n<meta name=\"robots\" content=\"index, follow, max-snippet:-1, max-image-preview:large, max-video-preview:-1\" \/>\n<link rel=\"canonical\" href=\"https:\/\/rustystyle.be\/fr\/corten-steel-2\/\" \/>\n<meta property=\"og:locale\" content=\"fr_FR\" \/>\n<meta property=\"og:type\" content=\"article\" \/>\n<meta property=\"og:title\" content=\"Corten steel - Rusty.lt\" \/>\n<meta property=\"og:description\" content=\"Trade in Corten Steel and Various Products. Great prices on Corten steel. Corten steel is a weather-resistant structural steel that rivals stainless steel in durability and performance.\" \/>\n<meta property=\"og:url\" content=\"https:\/\/rustystyle.be\/fr\/corten-steel-2\/\" \/>\n<meta property=\"og:site_name\" content=\"Rustystyle.be\" \/>\n<meta property=\"article:modified_time\" content=\"2025-02-10T13:06:55+00:00\" \/>\n<meta name=\"twitter:card\" content=\"summary_large_image\" \/>\n<meta name=\"twitter:label1\" content=\"Dur\u00e9e de lecture est.\" \/>\n\t<meta name=\"twitter:data1\" content=\"1 minute\" \/>\n<script type=\"application\/ld+json\" class=\"yoast-schema-graph\">{\"@context\":\"https:\/\/schema.org\",\"@graph\":[{\"@type\":\"WebPage\",\"@id\":\"https:\/\/rustystyle.be\/corten-steel-2\/\",\"url\":\"https:\/\/rustystyle.be\/corten-steel-2\/\",\"name\":\"Corten steel - Rusty.lt\",\"isPartOf\":{\"@id\":\"https:\/\/rustystyle.be\/#website\"},\"datePublished\":\"2017-02-09T13:17:13+00:00\",\"dateModified\":\"2025-02-10T13:06:55+00:00\",\"description\":\"Trade in Corten Steel and Various Products. Great prices on Corten steel. Corten steel is a weather-resistant structural steel that rivals stainless steel in durability and performance.\",\"breadcrumb\":{\"@id\":\"https:\/\/rustystyle.be\/corten-steel-2\/#breadcrumb\"},\"inLanguage\":\"fr-BE\",\"potentialAction\":[{\"@type\":\"ReadAction\",\"target\":[\"https:\/\/rustystyle.be\/corten-steel-2\/\"]}]},{\"@type\":\"BreadcrumbList\",\"@id\":\"https:\/\/rustystyle.be\/corten-steel-2\/#breadcrumb\",\"itemListElement\":[{\"@type\":\"ListItem\",\"position\":1,\"name\":\"Home\",\"item\":\"https:\/\/rustystyle.be\/\"},{\"@type\":\"ListItem\",\"position\":2,\"name\":\"Corten Steel\"}]},{\"@type\":\"WebSite\",\"@id\":\"https:\/\/rustystyle.be\/#website\",\"url\":\"https:\/\/rustystyle.be\/\",\"name\":\"Rustystyle.be\",\"description\":\"Corten steel products\",\"potentialAction\":[{\"@type\":\"SearchAction\",\"target\":{\"@type\":\"EntryPoint\",\"urlTemplate\":\"https:\/\/rustystyle.be\/?s={search_term_string}\"},\"query-input\":\"required name=search_term_string\"}],\"inLanguage\":\"fr-BE\"}]}<\/script>\n<!-- \/ Yoast SEO plugin. -->","yoast_head_json":{"title":"Corten steel - Rusty.lt","description":"Trade in Corten Steel and Various Products. Great prices on Corten steel. Corten steel is a weather-resistant structural steel that rivals stainless steel in durability and performance.","robots":{"index":"index","follow":"follow","max-snippet":"max-snippet:-1","max-image-preview":"max-image-preview:large","max-video-preview":"max-video-preview:-1"},"canonical":"https:\/\/rustystyle.be\/fr\/corten-steel-2\/","og_locale":"fr_FR","og_type":"article","og_title":"Corten steel - Rusty.lt","og_description":"Trade in Corten Steel and Various Products. Great prices on Corten steel. Corten steel is a weather-resistant structural steel that rivals stainless steel in durability and performance.","og_url":"https:\/\/rustystyle.be\/fr\/corten-steel-2\/","og_site_name":"Rustystyle.be","article_modified_time":"2025-02-10T13:06:55+00:00","twitter_card":"summary_large_image","twitter_misc":{"Dur\u00e9e de lecture est.":"1 minute"},"schema":{"@context":"https:\/\/schema.org","@graph":[{"@type":"WebPage","@id":"https:\/\/rustystyle.be\/corten-steel-2\/","url":"https:\/\/rustystyle.be\/corten-steel-2\/","name":"Corten steel - Rusty.lt","isPartOf":{"@id":"https:\/\/rustystyle.be\/#website"},"datePublished":"2017-02-09T13:17:13+00:00","dateModified":"2025-02-10T13:06:55+00:00","description":"Trade in Corten Steel and Various Products. Great prices on Corten steel. Corten steel is a weather-resistant structural steel that rivals stainless steel in durability and performance.","breadcrumb":{"@id":"https:\/\/rustystyle.be\/corten-steel-2\/#breadcrumb"},"inLanguage":"fr-BE","potentialAction":[{"@type":"ReadAction","target":["https:\/\/rustystyle.be\/corten-steel-2\/"]}]},{"@type":"BreadcrumbList","@id":"https:\/\/rustystyle.be\/corten-steel-2\/#breadcrumb","itemListElement":[{"@type":"ListItem","position":1,"name":"Home","item":"https:\/\/rustystyle.be\/"},{"@type":"ListItem","position":2,"name":"Corten Steel"}]},{"@type":"WebSite","@id":"https:\/\/rustystyle.be\/#website","url":"https:\/\/rustystyle.be\/","name":"Rustystyle.be","description":"Corten steel products","potentialAction":[{"@type":"SearchAction","target":{"@type":"EntryPoint","urlTemplate":"https:\/\/rustystyle.be\/?s={search_term_string}"},"query-input":"required name=search_term_string"}],"inLanguage":"fr-BE"}]}},"_links":{"self":[{"href":"https:\/\/rustystyle.be\/fr\/wp-json\/wp\/v2\/pages\/85"}],"collection":[{"href":"https:\/\/rustystyle.be\/fr\/wp-json\/wp\/v2\/pages"}],"about":[{"href":"https:\/\/rustystyle.be\/fr\/wp-json\/wp\/v2\/types\/page"}],"author":[{"embeddable":true,"href":"https:\/\/rustystyle.be\/fr\/wp-json\/wp\/v2\/users\/1"}],"replies":[{"embeddable":true,"href":"https:\/\/rustystyle.be\/fr\/wp-json\/wp\/v2\/comments?post=85"}],"version-history":[{"count":31,"href":"https:\/\/rustystyle.be\/fr\/wp-json\/wp\/v2\/pages\/85\/revisions"}],"predecessor-version":[{"id":11072,"href":"https:\/\/rustystyle.be\/fr\/wp-json\/wp\/v2\/pages\/85\/revisions\/11072"}],"wp:attachment":[{"href":"https:\/\/rustystyle.be\/fr\/wp-json\/wp\/v2\/media?parent=85"}],"curies":[{"name":"wp","href":"https:\/\/api.w.org\/{rel}","templated":true}]}}