{"id":83,"date":"2017-02-09T13:17:02","date_gmt":"2017-02-09T13:17:02","guid":{"rendered":"http:\/\/rustystyle.be\/?page_id=83"},"modified":"2025-02-03T14:56:30","modified_gmt":"2025-02-03T12:56:30","slug":"metalworking","status":"publish","type":"page","link":"https:\/\/rustystyle.be\/fr\/metalworking\/","title":{"rendered":"Travail des m\u00e9taux"},"content":{"rendered":"<div class=\"wpb-content-wrapper\"><div class=\"vc_row wpb_row vc_row-fluid\"><div class=\"wpb_column vc_column_container vc_col-sm-12 sc_layouts_column_icons_position_left\"><div class=\"vc_column-inner\"><div class=\"wpb_wrapper\"><div class=\"vc_empty_space  vc_custom_1489127405515 height_middle\"   style=\"height: 32px\"><span class=\"vc_empty_space_inner\"><\/span><\/div><div class=\"sc_services sc_services_default new-icons-services\"><h6 class=\"sc_item_subtitle sc_services_subtitle sc_align_center sc_item_title_style_default\">Nos<\/h6><h2 class=\"sc_item_title sc_services_title sc_align_center sc_item_title_style_default sc_item_title_tag\">SERVICES<\/h2><div class=\"sc_item_descr sc_services_descr sc_align_center\">Vous trouverez ci-dessous tous les services de m\u00e9tallurgie que nous proposons pour le travail de la t\u00f4le d'acier. Nous pouvons travailler avec nos propres mat\u00e9riaux ou avec le m\u00e9tal que vous nous fournissez. Lorsque vous achetez de la t\u00f4le d'acier Corten chez nous, vous b\u00e9n\u00e9ficiez de r\u00e9ductions sur ces services. Notre large gamme de services vous permet de gagner du temps et de l'argent pour obtenir la version finale du produit que vous souhaitez. La m\u00e9tallurgie est un domaine que nous connaissons bien, gr\u00e2ce \u00e0 nos nombreuses ann\u00e9es d'exp\u00e9rience et \u00e0 notre expertise.<\/div><div class=\"sc_services_columns sc_item_columns sc_item_columns_3 trx_addons_columns_wrap columns_padding_bottom\"><div class=\"trx_addons_column-1_3\"><div class=\"sc_services_item with_content with_icon sc_services_item_featured_left\">\n\t<a href=\"https:\/\/rustystyle.be\/fr\/services\/sheet-metal-cutting\/\"\n\t\t\t id=\"sc_services_1443354536_icon-10\"\n\t\t\t class=\"sc_services_item_icon icon-10\"\n\t\t\t ><\/a>\t\n\t<div class=\"sc_services_item_info\">\n\t\t<div class=\"sc_services_item_header\">\n\t\t\t<h3 class=\"sc_services_item_title\"><a href=\"https:\/\/rustystyle.be\/fr\/services\/sheet-metal-cutting\/\">D\u00e9coupe de t\u00f4les<\/a><\/h3>\n\t\t<\/div>\n\t\t\t<\/div>\n<\/div>\n<\/div><div class=\"trx_addons_column-1_3\"><div class=\"sc_services_item with_content with_icon sc_services_item_featured_left\">\n\t<a href=\"https:\/\/rustystyle.be\/fr\/services\/metal-bending-2\/\"\n\t\t\t id=\"sc_services_1443354536_icon-product2\"\n\t\t\t class=\"sc_services_item_icon icon-product2\"\n\t\t\t ><\/a>\t\n\t<div class=\"sc_services_item_info\">\n\t\t<div class=\"sc_services_item_header\">\n\t\t\t<h3 class=\"sc_services_item_title\"><a href=\"https:\/\/rustystyle.be\/fr\/services\/metal-bending-2\/\">Pliage<\/a><\/h3>\n\t\t<\/div>\n\t\t\t<\/div>\n<\/div>\n<\/div><div class=\"trx_addons_column-1_3\"><div class=\"sc_services_item with_content with_icon sc_services_item_featured_left\">\n\t<a href=\"https:\/\/rustystyle.be\/fr\/services\/cnc-cutting\/\"\n\t\t\t id=\"sc_services_1443354536_icon-product3\"\n\t\t\t class=\"sc_services_item_icon icon-product3\"\n\t\t\t ><\/a>\t\n\t<div class=\"sc_services_item_info\">\n\t\t<div class=\"sc_services_item_header\">\n\t\t\t<h3 class=\"sc_services_item_title\"><a href=\"https:\/\/rustystyle.be\/fr\/services\/cnc-cutting\/\">D\u00e9coupe CNC<\/a><\/h3>\n\t\t<\/div>\n\t\t\t<\/div>\n<\/div>\n<\/div><div class=\"trx_addons_column-1_3\"><div class=\"sc_services_item with_content with_icon sc_services_item_featured_left\">\n\t<a href=\"https:\/\/rustystyle.be\/fr\/services\/metal-rolling-2\/\"\n\t\t\t id=\"sc_services_1443354536_icon-7\"\n\t\t\t class=\"sc_services_item_icon icon-7\"\n\t\t\t ><\/a>\t\n\t<div class=\"sc_services_item_info\">\n\t\t<div class=\"sc_services_item_header\">\n\t\t\t<h3 class=\"sc_services_item_title\"><a href=\"https:\/\/rustystyle.be\/fr\/services\/metal-rolling-2\/\">Laminage<\/a><\/h3>\n\t\t<\/div>\n\t\t\t<\/div>\n<\/div>\n<\/div><div class=\"trx_addons_column-1_3\"><div class=\"sc_services_item with_content with_icon sc_services_item_featured_left\">\n\t<a href=\"https:\/\/rustystyle.be\/fr\/services\/welding-services\/\"\n\t\t\t id=\"sc_services_1443354536_icon-product1\"\n\t\t\t class=\"sc_services_item_icon icon-product1\"\n\t\t\t ><\/a>\t\n\t<div class=\"sc_services_item_info\">\n\t\t<div class=\"sc_services_item_header\">\n\t\t\t<h3 class=\"sc_services_item_title\"><a href=\"https:\/\/rustystyle.be\/fr\/services\/welding-services\/\">Soudage<\/a><\/h3>\n\t\t<\/div>\n\t\t\t<\/div>\n<\/div>\n<\/div><div class=\"trx_addons_column-1_3\"><div class=\"sc_services_item with_content with_icon sc_services_item_featured_left\">\n\t<a href=\"https:\/\/rustystyle.be\/fr\/services\/powder-coating-sandblasting\/\"\n\t\t\t id=\"sc_services_1443354536_icon-6\"\n\t\t\t class=\"sc_services_item_icon icon-6\"\n\t\t\t ><\/a>\t\n\t<div class=\"sc_services_item_info\">\n\t\t<div class=\"sc_services_item_header\">\n\t\t\t<h3 class=\"sc_services_item_title\"><a href=\"https:\/\/rustystyle.be\/fr\/services\/powder-coating-sandblasting\/\">Thermolaquage  \/ Sablage<\/a><\/h3>\n\t\t<\/div>\n\t\t\t<\/div>\n<\/div>\n<\/div><\/div><\/div><!-- \/.sc_services --><div class=\"vc_empty_space  vc_custom_1489127405515 height_middle\"   style=\"height: 32px\"><span class=\"vc_empty_space_inner\"><\/span><\/div><\/div><\/div><\/div><\/div><div class=\"vc_row wpb_row vc_row-fluid\"><div class=\"wpb_column vc_column_container vc_col-sm-12 sc_layouts_column_icons_position_left\"><div class=\"vc_column-inner\"><div class=\"wpb_wrapper\"><div class=\"sc_layouts sc_layouts_default sc_layouts_619\"><div data-vc-full-width=\"true\" data-vc-full-width-init=\"false\" class=\"vc_row wpb_row vc_row-fluid vc_custom_1509383582769 vc_row-has-fill\"><div class=\"wpb_column vc_column_container vc_col-sm-6 sc_layouts_column_icons_position_left\"><div class=\"vc_column-inner\"><div class=\"wpb_wrapper\"><div class=\"vc_empty_space  height_biggest\"   style=\"height: 32px\"><span class=\"vc_empty_space_inner\"><\/span><\/div><div class=\"sc_layouts_item\"><div  id=\"sc_action_113306892\" \n\tclass=\"sc_action sc_action_medium\"><div class=\"sc_action_content sc_item_content\"><div class=\"sc_action_item sc_action_item_medium sc_action_item_mc\">\n\t\t\t<h3 class=\"sc_action_item_title\"><span>Vous avez des questions ? Besoin d'une consultation ?<\/span><\/h3><div class=\"sc_action_item_description\"><span>Contactez-nous, et nous serons ravis de vous conseiller, de vous aider \u00e0 choisir les bonnes options, de planifier efficacement les mat\u00e9riaux et les quantit\u00e9s, d'\u00e9valuer le budget et de discuter des possibilit\u00e9s d'installation et d'autres questions connexes.<\/span><\/div><a href=\"http:\/\/rustystyle.be\/fr\/kontaktai-en\/\" class=\"sc_action_item_link\">Envoyer une demande<\/a><\/div><\/div><\/div><!-- \/.sc_action --><\/div><div class=\"vc_empty_space  vc_custom_1489072517773 height_biggest\"   style=\"height: 32px\"><span class=\"vc_empty_space_inner\"><\/span><\/div><\/div><\/div><\/div><div class=\"wpb_column vc_column_container vc_col-sm-6 sc_layouts_column_icons_position_left\"><div class=\"vc_column-inner\"><div class=\"wpb_wrapper\"><\/div><\/div><\/div><\/div><div class=\"vc_row-full-width vc_clearfix\"><\/div><\/div><\/div><\/div><\/div><\/div>\n<\/div>","protected":false},"excerpt":{"rendered":"We provide powder coating services and can coat products in any color from the RAL palette! The length of the painted product can be up to 12 meters. We also offer sandblasting services. Other Services CNC Cutting Metal Bending Sheet&hellip;","protected":false},"author":1,"featured_media":0,"parent":0,"menu_order":0,"comment_status":"closed","ping_status":"closed","template":"","meta":{"_acf_changed":false,"inline_featured_image":false,"footnotes":""},"acf":[],"aioseo_notices":[],"yoast_head":"<!-- This site is optimized with the Yoast SEO plugin v22.5 - https:\/\/yoast.com\/wordpress\/plugins\/seo\/ -->\n<title>Metalworking- Rustystyle.be<\/title>\n<meta name=\"description\" content=\"Discover our professional metalworking services for sheet steel, including custom processing and fabrication. We work with both our materials and yours, offering discounts on Corten sheet steel processing. Save time and money with our expertise and high-quality solutions.\" \/>\n<meta name=\"robots\" content=\"index, follow, max-snippet:-1, max-image-preview:large, max-video-preview:-1\" \/>\n<link rel=\"canonical\" href=\"https:\/\/rustystyle.be\/fr\/metalworking\/\" \/>\n<meta property=\"og:locale\" content=\"fr_FR\" \/>\n<meta property=\"og:type\" content=\"article\" \/>\n<meta property=\"og:title\" content=\"Metalworking- Rustystyle.be\" \/>\n<meta property=\"og:description\" content=\"Discover our professional metalworking services for sheet steel, including custom processing and fabrication. We work with both our materials and yours, offering discounts on Corten sheet steel processing. Save time and money with our expertise and high-quality solutions.\" \/>\n<meta property=\"og:url\" content=\"https:\/\/rustystyle.be\/fr\/metalworking\/\" \/>\n<meta property=\"og:site_name\" content=\"Rustystyle.be\" \/>\n<meta property=\"article:modified_time\" content=\"2025-02-03T12:56:30+00:00\" \/>\n<meta name=\"twitter:card\" content=\"summary_large_image\" \/>\n<meta name=\"twitter:label1\" content=\"Dur\u00e9e de lecture est.\" \/>\n\t<meta name=\"twitter:data1\" content=\"1 minute\" \/>\n<script type=\"application\/ld+json\" class=\"yoast-schema-graph\">{\"@context\":\"https:\/\/schema.org\",\"@graph\":[{\"@type\":\"WebPage\",\"@id\":\"https:\/\/rustystyle.be\/metalworking\/\",\"url\":\"https:\/\/rustystyle.be\/metalworking\/\",\"name\":\"Metalworking- Rustystyle.be\",\"isPartOf\":{\"@id\":\"https:\/\/rustystyle.be\/#website\"},\"datePublished\":\"2017-02-09T13:17:02+00:00\",\"dateModified\":\"2025-02-03T12:56:30+00:00\",\"description\":\"Discover our professional metalworking services for sheet steel, including custom processing and fabrication. We work with both our materials and yours, offering discounts on Corten sheet steel processing. Save time and money with our expertise and high-quality solutions.\",\"breadcrumb\":{\"@id\":\"https:\/\/rustystyle.be\/metalworking\/#breadcrumb\"},\"inLanguage\":\"fr-BE\",\"potentialAction\":[{\"@type\":\"ReadAction\",\"target\":[\"https:\/\/rustystyle.be\/metalworking\/\"]}]},{\"@type\":\"BreadcrumbList\",\"@id\":\"https:\/\/rustystyle.be\/metalworking\/#breadcrumb\",\"itemListElement\":[{\"@type\":\"ListItem\",\"position\":1,\"name\":\"Home\",\"item\":\"https:\/\/rustystyle.be\/\"},{\"@type\":\"ListItem\",\"position\":2,\"name\":\"Metalworking\"}]},{\"@type\":\"WebSite\",\"@id\":\"https:\/\/rustystyle.be\/#website\",\"url\":\"https:\/\/rustystyle.be\/\",\"name\":\"Rustystyle.be\",\"description\":\"Corten steel products\",\"potentialAction\":[{\"@type\":\"SearchAction\",\"target\":{\"@type\":\"EntryPoint\",\"urlTemplate\":\"https:\/\/rustystyle.be\/?s={search_term_string}\"},\"query-input\":\"required name=search_term_string\"}],\"inLanguage\":\"fr-BE\"}]}<\/script>\n<!-- \/ Yoast SEO plugin. -->","yoast_head_json":{"title":"Metalworking- Rustystyle.be","description":"Discover our professional metalworking services for sheet steel, including custom processing and fabrication. We work with both our materials and yours, offering discounts on Corten sheet steel processing. Save time and money with our expertise and high-quality solutions.","robots":{"index":"index","follow":"follow","max-snippet":"max-snippet:-1","max-image-preview":"max-image-preview:large","max-video-preview":"max-video-preview:-1"},"canonical":"https:\/\/rustystyle.be\/fr\/metalworking\/","og_locale":"fr_FR","og_type":"article","og_title":"Metalworking- Rustystyle.be","og_description":"Discover our professional metalworking services for sheet steel, including custom processing and fabrication. We work with both our materials and yours, offering discounts on Corten sheet steel processing. Save time and money with our expertise and high-quality solutions.","og_url":"https:\/\/rustystyle.be\/fr\/metalworking\/","og_site_name":"Rustystyle.be","article_modified_time":"2025-02-03T12:56:30+00:00","twitter_card":"summary_large_image","twitter_misc":{"Dur\u00e9e de lecture est.":"1 minute"},"schema":{"@context":"https:\/\/schema.org","@graph":[{"@type":"WebPage","@id":"https:\/\/rustystyle.be\/metalworking\/","url":"https:\/\/rustystyle.be\/metalworking\/","name":"Metalworking- Rustystyle.be","isPartOf":{"@id":"https:\/\/rustystyle.be\/#website"},"datePublished":"2017-02-09T13:17:02+00:00","dateModified":"2025-02-03T12:56:30+00:00","description":"Discover our professional metalworking services for sheet steel, including custom processing and fabrication. We work with both our materials and yours, offering discounts on Corten sheet steel processing. Save time and money with our expertise and high-quality solutions.","breadcrumb":{"@id":"https:\/\/rustystyle.be\/metalworking\/#breadcrumb"},"inLanguage":"fr-BE","potentialAction":[{"@type":"ReadAction","target":["https:\/\/rustystyle.be\/metalworking\/"]}]},{"@type":"BreadcrumbList","@id":"https:\/\/rustystyle.be\/metalworking\/#breadcrumb","itemListElement":[{"@type":"ListItem","position":1,"name":"Home","item":"https:\/\/rustystyle.be\/"},{"@type":"ListItem","position":2,"name":"Metalworking"}]},{"@type":"WebSite","@id":"https:\/\/rustystyle.be\/#website","url":"https:\/\/rustystyle.be\/","name":"Rustystyle.be","description":"Corten steel products","potentialAction":[{"@type":"SearchAction","target":{"@type":"EntryPoint","urlTemplate":"https:\/\/rustystyle.be\/?s={search_term_string}"},"query-input":"required name=search_term_string"}],"inLanguage":"fr-BE"}]}},"_links":{"self":[{"href":"https:\/\/rustystyle.be\/fr\/wp-json\/wp\/v2\/pages\/83"}],"collection":[{"href":"https:\/\/rustystyle.be\/fr\/wp-json\/wp\/v2\/pages"}],"about":[{"href":"https:\/\/rustystyle.be\/fr\/wp-json\/wp\/v2\/types\/page"}],"author":[{"embeddable":true,"href":"https:\/\/rustystyle.be\/fr\/wp-json\/wp\/v2\/users\/1"}],"replies":[{"embeddable":true,"href":"https:\/\/rustystyle.be\/fr\/wp-json\/wp\/v2\/comments?post=83"}],"version-history":[{"count":18,"href":"https:\/\/rustystyle.be\/fr\/wp-json\/wp\/v2\/pages\/83\/revisions"}],"predecessor-version":[{"id":11047,"href":"https:\/\/rustystyle.be\/fr\/wp-json\/wp\/v2\/pages\/83\/revisions\/11047"}],"wp:attachment":[{"href":"https:\/\/rustystyle.be\/fr\/wp-json\/wp\/v2\/media?parent=83"}],"curies":[{"name":"wp","href":"https:\/\/api.w.org\/{rel}","templated":true}]}}