{"id":1941,"date":"2018-08-29T12:56:40","date_gmt":"2018-08-29T12:56:40","guid":{"rendered":"http:\/\/rustystyle.be\/?page_id=1941"},"modified":"2022-05-09T18:07:53","modified_gmt":"2022-05-09T18:07:53","slug":"contacts","status":"publish","type":"page","link":"https:\/\/rustystyle.be\/fr\/contacts\/","title":{"rendered":"Contacts"},"content":{"rendered":"<div class=\"wpb-content-wrapper\"><div data-vc-full-width=\"true\" data-vc-full-width-init=\"false\" data-vc-stretch-content=\"true\" class=\"vc_row wpb_row vc_row-fluid vc_custom_1489583351392 vc_row-no-padding\"><div class=\"wpb_column vc_column_container vc_col-sm-12 sc_layouts_column_icons_position_left\"><div class=\"vc_column-inner\"><div class=\"wpb_wrapper\"><div id=\"sc_googlemap_1654471048_wrap\" class=\"sc_googlemap_wrap\"><div class=\"sc_googlemap_content_wrap\"><div id=\"sc_googlemap_1654471048\"\n\t\t\tclass=\"sc_googlemap sc_googlemap_default\"\n\t\t\t style=\"width:100%;height:900px;\"\t\t\tdata-zoom=\"16\"\n\t\t\tdata-style=\"grey\"\n\n\t\t\t><div id=\"sc_googlemap_1654471048_1\" class=\"sc_googlemap_marker\"\n\t\t\t\t\t\t   data-latlng=\"\"\n\t\t\t\t\t\t   data-address=\"Elektr\u0117n\u0173 g. 1, Kaunas\"\n\t\t\t\t\t\t   data-description=\"\"\n\t\t\t\t\t\t   data-title=\"\"\n\t\t\t\t\t\t   data-icon=\"\"\n\t\t\t\t\t><\/div><\/div>\t\t\t<div class=\"sc_googlemap_content sc_googlemap_content_default\"><h6 style=\"font-size: 20px;color: #ff8d52;line-height: 1;text-align: center;font-family:Montserrat;font-weight:700;font-style:normal\" class=\"vc_custom_heading vc_custom_1561116897529\" >Store And Exposition<\/h6><h6 style=\"font-size: 14px;color: #ffffff;line-height: 1.5;text-align: center;font-family:Montserrat;font-weight:400;font-style:normal\" class=\"vc_custom_heading vc_custom_1622189858812\" >Elektrenu str. 1, Kaunas, Lithuania<\/h6><div class=\"vc_empty_space  height_tiny\"   style=\"height: 60px\"><span class=\"vc_empty_space_inner\"><\/span><\/div><h6 style=\"font-size: 20px;line-height: 0;text-align: center;font-family:Montserrat;font-weight:700;font-style:normal\" class=\"vc_custom_heading vc_custom_1561116932191\" >CONTACTS<\/h6><div class=\"vc_empty_space  height_medium\"   style=\"height: 35px\"><span class=\"vc_empty_space_inner\"><\/span><\/div><div class=\"vc_empty_space  height_medium\"   style=\"height: 35px\"><span class=\"vc_empty_space_inner\"><\/span><\/div><h6 style=\"font-size: 16px;text-align: center;font-family:Montserrat;font-weight:700;font-style:normal\" class=\"vc_custom_heading vc_custom_1622189410399\" >STANDART PRODUCTS<\/h6><h6 style=\"font-size: 14px;color: #ffffff;text-align: center;font-family:Montserrat;font-weight:400;font-style:normal\" class=\"vc_custom_heading vc_custom_1622189448588\" >Egl\u0117 Stelmokait\u0117<\/h6>\n\t<div class=\"wpb_raw_code wpb_content_element wpb_raw_html vc_custom_1622189630784\" >\n\t\t<div class=\"wpb_wrapper\">\n\t\t\t<div id='dni_pk_email'><a href='javascript:void(0)' onclick='dni_pk_onlick_email();' \"><h4 class=\"trx_addons_no_margin\" style=\"text-align: center; color: #fff; text-decoration: underline;\" id=\"cta_contact_button_other\">CONTACT OUR MANAGER<\/h4><\/a><\/div>\n<script>\nfunction dni_pk_onlick_email() {\n  var HTML;\n  HTML = \"<div style='width:100%;'><a href='tel:+37067465115'><h4 class='trx_addons_no_margin' style='text-align: center; color: #fff;'>+370 674 65115<\/h4><\/a><\/div><div style='width:100%;'><a href='mailto:info@rusty.lt'><h4 class='trx_addons_no_margin' style='text-align: center; color: #fff;'>info@rusty.lt<\/h4><\/a><\/div>\";\n    \n  document.getElementById(\"dni_pk_email\").innerHTML = HTML;\n}\n<\/script>\n\t\t<\/div>\n\t<\/div>\n<div class=\"vc_empty_space  height_tiny\"   style=\"height: 35px\"><span class=\"vc_empty_space_inner\"><\/span><\/div><h6 style=\"font-size: 16px;text-align: center;font-family:Montserrat;font-weight:700;font-style:normal\" class=\"vc_custom_heading vc_custom_1622189410399\" >STANDART PRODUCTS<\/h6><h6 style=\"font-size: 14px;color: #ffffff;text-align: center;font-family:Montserrat;font-weight:400;font-style:normal\" class=\"vc_custom_heading vc_custom_1648789978601\" >Lukas Bergaudas<\/h6>\n\t<div class=\"wpb_raw_code wpb_content_element wpb_raw_html vc_custom_1648790057894\" >\n\t\t<div class=\"wpb_wrapper\">\n\t\t\t<div id='dni_pk_number_3'>\n<a href='javascript:void(0)' onclick='dni_pk_onlick_number_3();' id=\"cta_contact_button_other_2\">\n<h4 class=\"trx_addons_no_margin\" style=\"font-size: 14px; text-align: center; color: #fff; text-decoration: underline;\" id=\"cta_contact_button_other_2\">CONTACT OUR MANAGER<\/h4>\n<\/a>\n<\/div>\n\n\n\n<script>\nfunction dni_pk_onlick_number_3() {\n  var HTML;\n  HTML = \"<div style='width: 100%;'><a href='tel:+37067466599'><h4 class='trx_addons_no_margin' style='text-align: center; color: #fff;'>+370 674 66599<\/h4><\/a><\/div><div style='width: 100%;'><a href='mailto:pardavimai@rusty.lt'><h4 class='trx_addons_no_margin' style='text-align: center; color: #fff;'>pardavimai@rusty.lt<\/h4><\/a><\/div>\";\n    \n  document.getElementById(\"dni_pk_number_3\").innerHTML = HTML;\n}\n<\/script>\n\t\t<\/div>\n\t<\/div>\n<div class=\"vc_empty_space  height_tiny\"   style=\"height: 45px\"><span class=\"vc_empty_space_inner\"><\/span><\/div><h6 style=\"font-size: 16px;text-align: center;font-family:Montserrat;font-weight:700;font-style:normal\" class=\"vc_custom_heading vc_custom_1561117046761\" >Projects<\/h6><h6 style=\"font-size: 14px;color: #ffffff;text-align: center;font-family:Montserrat;font-weight:400;font-style:normal\" class=\"vc_custom_heading vc_custom_1551428913253\" >Saulius Jan\u010diauskas<\/h6>\n\t<div class=\"wpb_raw_code wpb_content_element wpb_raw_html\" >\n\t\t<div class=\"wpb_wrapper\">\n\t\t\t<div id='dni_pk_number_1'><a href='javascript:void(0)' onclick='dni_pk_onlick_number_1();' id=\"cta_contact_button_projects\"><h4 class=\"trx_addons_no_margin\" style=\"font-size: 14px; text-align: center; color: #fff; text-decoration: underline;\" id=\"cta_contact_button_projects\">CONTACT OUR MANAGER<\/h4><\/a><\/div>\n<script>\nfunction dni_pk_onlick_number_1() {\n  var HTML;\n  HTML = \"<div style='width: 100%;'><a href='tel:+37068488311'><h4 class='trx_addons_no_margin' style='text-align: center; color: #fff;'>+37068488311<\/h4><\/a><\/div><div style='width: 100%;'><a href='mailto:projektai@rusty.lt'><h4 class='trx_addons_no_margin' style='text-align: center; color: #fff;'>projektai@rusty.lt<\/h4><\/a><\/div>\";\n    \n  document.getElementById(\"dni_pk_number_1\").innerHTML = HTML;\n}\n<\/script>\n\n\n\t\t<\/div>\n\t<\/div>\n<div class=\"vc_empty_space  height_tiny\"   style=\"height: 45px\"><span class=\"vc_empty_space_inner\"><\/span><\/div><h6 style=\"font-size: 16px;text-align: center;font-family:Montserrat;font-weight:700;font-style:normal\" class=\"vc_custom_heading vc_custom_1561116950665\" >Fences<\/h6><h6 style=\"font-size: 14px;color: #ffffff;text-align: center;font-family:Montserrat;font-weight:400;font-style:normal\" class=\"vc_custom_heading vc_custom_1551428866251\" >Lukas Steik\u016bnas<\/h6>\n\t<div class=\"wpb_raw_code wpb_content_element wpb_raw_html\" >\n\t\t<div class=\"wpb_wrapper\">\n\t\t\t<div id='dni_pk_number'><a href='javascript:void(0)' onclick='dni_pk_onlick_number();' id=\"cta_contact_button_fences\"><h4 class=\"trx_addons_no_margin\" style=\"font-size: 14px; text-align: center; color: #fff; text-decoration: underline;\" id=\"cta_contact_button_fences\">CONTACT OUR MANAGER<\/h4><\/a><\/div>\n<script>\nfunction dni_pk_onlick_number() {\n  var HTML;\n  HTML = \"<div style='width: 100%;'><a href='tel:+37060795499'><h4 class='trx_addons_no_margin' style='text-align: center; color: #fff;'>+370 607 95499<\/h4><\/a><\/div><div style='width: 100%;'><a href='mailto:tvoros@rusty.lt'><h4 class='trx_addons_no_margin' style='text-align: center; color: #fff;'>tvoros@rusty.lt<\/h4><\/a><\/div>\";\n    \n  document.getElementById(\"dni_pk_number\").innerHTML = HTML;\n}\n<\/script>\n\n\n\t\t<\/div>\n\t<\/div>\n\n\t<div class=\"wpb_text_column wpb_content_element  vc_custom_1561117098761 scheme_dark\" >\n\t\t<div class=\"wpb_wrapper\">\n\t\t\t<p align=\"CENTER\"><span style=\"font-family: Oswald, serif;\"><span style=\"font-size: medium;\">COMPANY DETAILS<\/span><\/span><\/p>\n\n\t\t<\/div>\n\t<\/div>\n\n\t<div class=\"wpb_text_column wpb_content_element  vc_custom_1561117197382\" >\n\t\t<div class=\"wpb_wrapper\">\n\t\t\t<p style=\"text-align: center;\">UAB Metallum novum<br \/>\nCompany ID: 300665526<br \/>\nVAT ID No: LT100003068210<br \/>\nAddress: Elektr\u0117n\u0173 g. 1, Kaunas<br \/>\nBank: AB Luminor bank<br \/>\nAccount No: LT98 4010 0425 0130 4929<br \/>\nSort code: 40100<br \/>\nSwift code: SWIFT AGBL LT 2X<\/p>\n\n\t\t<\/div>\n\t<\/div>\n<\/div>\n\t\t<\/div>\n\t\t<\/div><!-- \/.sc_googlemap_wrap --><\/div><\/div><\/div><\/div><div class=\"vc_row-full-width vc_clearfix\"><\/div><div class=\"vc_row wpb_row vc_row-fluid\"><div class=\"wpb_column vc_column_container vc_col-sm-2 sc_layouts_column_icons_position_left\"><div class=\"vc_column-inner\"><div class=\"wpb_wrapper\"><\/div><\/div><\/div><div class=\"wpb_column vc_column_container vc_col-sm-8 sc_layouts_column_icons_position_left\"><div class=\"vc_column-inner\"><div class=\"wpb_wrapper\"><div class=\"vc_empty_space  height_large\"   style=\"height: 32px\"><span class=\"vc_empty_space_inner\"><\/span><\/div><div id=\"sc_title_149484067\"\n\t\tclass=\"sc_title sc_title_default\"><h6 class=\"sc_item_subtitle sc_title_subtitle sc_align_center sc_item_title_style_default\">Have questions?<\/h6><h2 class=\"sc_item_title sc_title_title sc_align_center sc_item_title_style_default sc_item_title_tag\">Costact Us<\/h2><div class=\"sc_item_descr sc_title_descr sc_align_center\">Fill in the form below to submit request or contact us by phone or email that you can find below the request form.<\/div><\/div><!-- \/.sc_title -->\n<div class=\"wpcf7 no-js\" id=\"wpcf7-f2678-o1\" lang=\"en-US\" dir=\"ltr\">\n<div class=\"screen-reader-response\"><p role=\"status\" aria-live=\"polite\" aria-atomic=\"true\"><\/p> <ul><\/ul><\/div>\n<form action=\"\/fr\/wp-json\/wp\/v2\/pages\/1941#wpcf7-f2678-o1\" method=\"post\" class=\"wpcf7-form init\" aria-label=\"Contact form\" novalidate=\"novalidate\" data-status=\"init\" data-trp-original-action=\"\/fr\/wp-json\/wp\/v2\/pages\/1941#wpcf7-f2678-o1\">\n<div style=\"display: none;\">\n<input type=\"hidden\" name=\"_wpcf7\" value=\"2678\" \/>\n<input type=\"hidden\" name=\"_wpcf7_version\" value=\"5.9.8\" \/>\n<input type=\"hidden\" name=\"_wpcf7_locale\" value=\"en_US\" \/>\n<input type=\"hidden\" name=\"_wpcf7_unit_tag\" value=\"wpcf7-f2678-o1\" \/>\n<input type=\"hidden\" name=\"_wpcf7_container_post\" value=\"0\" \/>\n<input type=\"hidden\" name=\"_wpcf7_posted_data_hash\" value=\"\" \/>\n<\/div>\n<p><span class=\"wpcf7-form-control-wrap\" data-name=\"your-name\"><input size=\"40\" maxlength=\"400\" class=\"wpcf7-form-control wpcf7-text wpcf7-validates-as-required\" aria-required=\"true\" aria-invalid=\"false\" placeholder=\"Nom\" value=\"\" type=\"text\" name=\"your-name\" \/><\/span><br \/>\n<span class=\"wpcf7-form-control-wrap\" data-name=\"your-email\"><input size=\"40\" maxlength=\"400\" class=\"wpcf7-form-control wpcf7-email wpcf7-validates-as-required wpcf7-text wpcf7-validates-as-email\" aria-required=\"true\" aria-invalid=\"false\" placeholder=\"Email\" value=\"\" type=\"email\" name=\"your-email\" \/><\/span><br \/>\n<span class=\"wpcf7-form-control-wrap\" data-name=\"your-phone\"><input size=\"40\" maxlength=\"400\" class=\"wpcf7-form-control wpcf7-text wpcf7-validates-as-required\" aria-required=\"true\" aria-invalid=\"false\" placeholder=\"Phone\" value=\"\" type=\"text\" name=\"your-phone\" \/><\/span><br \/>\n<span class=\"wpcf7-form-control-wrap\" data-name=\"your-message\"><textarea cols=\"40\" rows=\"10\" maxlength=\"2000\" class=\"wpcf7-form-control wpcf7-textarea\" aria-invalid=\"false\" placeholder=\"Message\" name=\"your-message\"><\/textarea><\/span><br \/>\n<span id=\"wpcf7-69d07d7f1c66f-wrapper\" class=\"wpcf7-form-control-wrap email-wrap\" style=\"display:none !important; visibility:hidden !important;\"><input id=\"wpcf7-69d07d7f1c66f-field\"  class=\"wpcf7-form-control wpcf7-text\" type=\"text\" name=\"email\" value=\"\" size=\"40\" tabindex=\"-1\" autocomplete=\"new-password\" \/><\/span>\n<\/p>\n<p style=\"text-align: center;\"><input class=\"wpcf7-form-control wpcf7-submit has-spinner\" type=\"submit\" value=\"Envoyer\" \/>\n<\/p><input type='hidden' class='wpcf7-pum' value='{\"closepopup\":false,\"closedelay\":0,\"openpopup\":false,\"openpopup_id\":0}' \/><div class=\"wpcf7-response-output\" aria-hidden=\"true\"><\/div>\n<input type=\"hidden\" name=\"trp-form-language\" value=\"fr\"\/><\/form>\n<\/div>\n<div class=\"vc_empty_space  height_huge\"   style=\"height: 32px\"><span class=\"vc_empty_space_inner\"><\/span><\/div><\/div><\/div><\/div><div class=\"wpb_column vc_column_container vc_col-sm-2 sc_layouts_column_icons_position_left\"><div class=\"vc_column-inner\"><div class=\"wpb_wrapper\"><\/div><\/div><\/div><\/div>\n<\/div>","protected":false},"excerpt":{"rendered":"Store And ExpositionElektrenu str. 1, Kaunas, LithuaniaCONTACTSSTANDART PRODUCTSEgl\u0117 Stelmokait\u0117","protected":false},"author":1,"featured_media":0,"parent":0,"menu_order":0,"comment_status":"closed","ping_status":"closed","template":"","meta":{"_acf_changed":false,"inline_featured_image":false,"footnotes":""},"acf":[],"aioseo_notices":[],"yoast_head":"<!-- This site is optimized with the Yoast SEO plugin v22.5 - https:\/\/yoast.com\/wordpress\/plugins\/seo\/ -->\n<title>Contacts - Rustystyle.be<\/title>\n<meta name=\"description\" content=\"Turite klausim\u0173? Reikia konsultacijos? Susisiekite ir mes mielai Jus konsultuosime ir pad\u0117sime i\u0161sirinkti i\u0161 m\u016bs\u0173 produkcijos.\" \/>\n<meta name=\"robots\" content=\"index, follow, max-snippet:-1, max-image-preview:large, max-video-preview:-1\" \/>\n<link rel=\"canonical\" href=\"https:\/\/rustystyle.be\/fr\/contacts\/\" \/>\n<meta property=\"og:locale\" content=\"fr_FR\" \/>\n<meta property=\"og:type\" content=\"article\" \/>\n<meta property=\"og:title\" content=\"Contacts - Rustystyle.be\" \/>\n<meta property=\"og:description\" content=\"Turite klausim\u0173? Reikia konsultacijos? Susisiekite ir mes mielai Jus konsultuosime ir pad\u0117sime i\u0161sirinkti i\u0161 m\u016bs\u0173 produkcijos.\" \/>\n<meta property=\"og:url\" content=\"https:\/\/rustystyle.be\/fr\/contacts\/\" \/>\n<meta property=\"og:site_name\" content=\"Rustystyle.be\" \/>\n<meta property=\"article:modified_time\" content=\"2022-05-09T18:07:53+00:00\" \/>\n<meta name=\"twitter:card\" content=\"summary_large_image\" \/>\n<meta name=\"twitter:label1\" content=\"Dur\u00e9e de lecture est.\" \/>\n\t<meta name=\"twitter:data1\" content=\"2 minutes\" \/>\n<script type=\"application\/ld+json\" class=\"yoast-schema-graph\">{\"@context\":\"https:\/\/schema.org\",\"@graph\":[{\"@type\":\"WebPage\",\"@id\":\"https:\/\/rustystyle.be\/contacts\/\",\"url\":\"https:\/\/rustystyle.be\/contacts\/\",\"name\":\"Contacts - Rustystyle.be\",\"isPartOf\":{\"@id\":\"https:\/\/rustystyle.be\/#website\"},\"datePublished\":\"2018-08-29T12:56:40+00:00\",\"dateModified\":\"2022-05-09T18:07:53+00:00\",\"description\":\"Turite klausim\u0173? Reikia konsultacijos? Susisiekite ir mes mielai Jus konsultuosime ir pad\u0117sime i\u0161sirinkti i\u0161 m\u016bs\u0173 produkcijos.\",\"breadcrumb\":{\"@id\":\"https:\/\/rustystyle.be\/contacts\/#breadcrumb\"},\"inLanguage\":\"fr-BE\",\"potentialAction\":[{\"@type\":\"ReadAction\",\"target\":[\"https:\/\/rustystyle.be\/contacts\/\"]}]},{\"@type\":\"BreadcrumbList\",\"@id\":\"https:\/\/rustystyle.be\/contacts\/#breadcrumb\",\"itemListElement\":[{\"@type\":\"ListItem\",\"position\":1,\"name\":\"Home\",\"item\":\"https:\/\/rustystyle.be\/\"},{\"@type\":\"ListItem\",\"position\":2,\"name\":\"Contacts\"}]},{\"@type\":\"WebSite\",\"@id\":\"https:\/\/rustystyle.be\/#website\",\"url\":\"https:\/\/rustystyle.be\/\",\"name\":\"Rustystyle.be\",\"description\":\"Corten steel products\",\"potentialAction\":[{\"@type\":\"SearchAction\",\"target\":{\"@type\":\"EntryPoint\",\"urlTemplate\":\"https:\/\/rustystyle.be\/?s={search_term_string}\"},\"query-input\":\"required name=search_term_string\"}],\"inLanguage\":\"fr-BE\"}]}<\/script>\n<!-- \/ Yoast SEO plugin. -->","yoast_head_json":{"title":"Contacts - Rustystyle.be","description":"Turite klausim\u0173? Reikia konsultacijos? Susisiekite ir mes mielai Jus konsultuosime ir pad\u0117sime i\u0161sirinkti i\u0161 m\u016bs\u0173 produkcijos.","robots":{"index":"index","follow":"follow","max-snippet":"max-snippet:-1","max-image-preview":"max-image-preview:large","max-video-preview":"max-video-preview:-1"},"canonical":"https:\/\/rustystyle.be\/fr\/contacts\/","og_locale":"fr_FR","og_type":"article","og_title":"Contacts - Rustystyle.be","og_description":"Turite klausim\u0173? Reikia konsultacijos? Susisiekite ir mes mielai Jus konsultuosime ir pad\u0117sime i\u0161sirinkti i\u0161 m\u016bs\u0173 produkcijos.","og_url":"https:\/\/rustystyle.be\/fr\/contacts\/","og_site_name":"Rustystyle.be","article_modified_time":"2022-05-09T18:07:53+00:00","twitter_card":"summary_large_image","twitter_misc":{"Dur\u00e9e de lecture est.":"2 minutes"},"schema":{"@context":"https:\/\/schema.org","@graph":[{"@type":"WebPage","@id":"https:\/\/rustystyle.be\/contacts\/","url":"https:\/\/rustystyle.be\/contacts\/","name":"Contacts - Rustystyle.be","isPartOf":{"@id":"https:\/\/rustystyle.be\/#website"},"datePublished":"2018-08-29T12:56:40+00:00","dateModified":"2022-05-09T18:07:53+00:00","description":"Turite klausim\u0173? Reikia konsultacijos? Susisiekite ir mes mielai Jus konsultuosime ir pad\u0117sime i\u0161sirinkti i\u0161 m\u016bs\u0173 produkcijos.","breadcrumb":{"@id":"https:\/\/rustystyle.be\/contacts\/#breadcrumb"},"inLanguage":"fr-BE","potentialAction":[{"@type":"ReadAction","target":["https:\/\/rustystyle.be\/contacts\/"]}]},{"@type":"BreadcrumbList","@id":"https:\/\/rustystyle.be\/contacts\/#breadcrumb","itemListElement":[{"@type":"ListItem","position":1,"name":"Home","item":"https:\/\/rustystyle.be\/"},{"@type":"ListItem","position":2,"name":"Contacts"}]},{"@type":"WebSite","@id":"https:\/\/rustystyle.be\/#website","url":"https:\/\/rustystyle.be\/","name":"Rustystyle.be","description":"Corten steel products","potentialAction":[{"@type":"SearchAction","target":{"@type":"EntryPoint","urlTemplate":"https:\/\/rustystyle.be\/?s={search_term_string}"},"query-input":"required name=search_term_string"}],"inLanguage":"fr-BE"}]}},"_links":{"self":[{"href":"https:\/\/rustystyle.be\/fr\/wp-json\/wp\/v2\/pages\/1941"}],"collection":[{"href":"https:\/\/rustystyle.be\/fr\/wp-json\/wp\/v2\/pages"}],"about":[{"href":"https:\/\/rustystyle.be\/fr\/wp-json\/wp\/v2\/types\/page"}],"author":[{"embeddable":true,"href":"https:\/\/rustystyle.be\/fr\/wp-json\/wp\/v2\/users\/1"}],"replies":[{"embeddable":true,"href":"https:\/\/rustystyle.be\/fr\/wp-json\/wp\/v2\/comments?post=1941"}],"version-history":[{"count":32,"href":"https:\/\/rustystyle.be\/fr\/wp-json\/wp\/v2\/pages\/1941\/revisions"}],"predecessor-version":[{"id":4533,"href":"https:\/\/rustystyle.be\/fr\/wp-json\/wp\/v2\/pages\/1941\/revisions\/4533"}],"wp:attachment":[{"href":"https:\/\/rustystyle.be\/fr\/wp-json\/wp\/v2\/media?parent=1941"}],"curies":[{"name":"wp","href":"https:\/\/api.w.org\/{rel}","templated":true}]}}