{"id":1670,"date":"2018-06-19T08:38:52","date_gmt":"2018-06-19T08:38:52","guid":{"rendered":"http:\/\/rustystyle.be\/?page_id=1670"},"modified":"2025-02-04T14:51:56","modified_gmt":"2025-02-04T12:51:56","slug":"rusting-agents-2","status":"publish","type":"page","link":"https:\/\/rustystyle.be\/fr\/rusting-agents-2\/","title":{"rendered":"Agents de rouille"},"content":{"rendered":"<div class=\"wpb-content-wrapper\"><div class=\"vc_row wpb_row vc_row-fluid\"><div class=\"wpb_column vc_column_container vc_col-sm-12 sc_layouts_column_icons_position_left\"><div class=\"vc_column-inner\"><div class=\"wpb_wrapper\"><div class=\"vc_empty_space  height_large\"   style=\"height: 32px\"><span class=\"vc_empty_space_inner\"><\/span><\/div>\n\t<div class=\"wpb_text_column wpb_content_element\" >\n\t\t<div class=\"wpb_wrapper\">\n\t\t\t<p style=\"text-align: justify; font-size: 16px;\">CORTEN est un acier de construction qui, gr\u00e2ce \u00e0 ses propri\u00e9t\u00e9s uniques et \u00e0 son exposition \u00e0 l'environnement, d\u00e9veloppe une riche teinte orange qui \u00e9volue progressivement vers une patine protectrice, rendant le produit durable et presque \u00e9ternel.<\/p>\n<p style=\"text-align: justify; font-size: 16px;\">Ce processus de vieillissement naturel prend du temps. Cependant, avec la popularit\u00e9 croissante de l'acier Corten \u00e0 l'\u00e9chelle mondiale, les architectes, les fabricants et les designers sont souvent confront\u00e9s \u00e0 divers d\u00e9fis : Comment acc\u00e9l\u00e9rer le d\u00e9veloppement de la couleur ? Comment rendre la surface uniform\u00e9ment lisse ou lui donner diff\u00e9rentes textures ? Comment fixer la patine ? Comment rendre la surface non tachante ? Comment pr\u00e9parer le m\u00e9tal pour une utilisation en int\u00e9rieur sans n\u00e9cessiter un long processus de vieillissement en ext\u00e9rieur ? Ces questions, parmi tant d'autres, se posent lorsque l'on travaille avec l'acier Corten.<\/p>\n<p style=\"text-align: justify; font-size: 16px;\">Pour tenter de relever ces d\u00e9fis, les fabricants ont souvent recours \u00e0 des solutions improvis\u00e9es, inefficaces, co\u00fbteuses, voire artisanales, qui produisent rarement les r\u00e9sultats escompt\u00e9s. Dans de nombreux cas, ces m\u00e9thodes endommagent le m\u00e9tal, ce qui se traduit par une couleur in\u00e9gale et irr\u00e9guli\u00e8re.<\/p>\n<p style=\"text-align: justify; font-size: 16px;\">Il existe d\u00e9sormais une solution fiable pour tous les aspects du traitement et de l'application de l'acier Corten. Dans cette section, vous trouverez des produits chimiques sp\u00e9cialis\u00e9s con\u00e7us pour am\u00e9liorer et contr\u00f4ler le d\u00e9veloppement de la patine de l'acier Corten, vous aidant ainsi \u00e0 obtenir un r\u00e9sultat esth\u00e9tique parfait.<\/p>\n<p style=\"text-align: justify; font-size: 16px;\">Nous sommes les repr\u00e9sentants officiels de la gamme de produits \u00ab LineaCor \u00bb en Lituanie, fabriqu\u00e9e par \u00ab Oxidaci\u00f3n Vidmetal \u00bb, un fabricant innovant et sp\u00e9cialis\u00e9 dans les traitements chimiques pour l'acier Corten.<\/p>\n<p style=\"text-align: justify; font-size: 16px;\">Lorsque vous choisissez parmi les produits chimiques r\u00e9pertori\u00e9s ci-dessous, veillez \u00e0 lire attentivement les descriptions et les instructions. Renseignez-vous sur les propri\u00e9t\u00e9s de l'acier Corten, telles que les diff\u00e9rences entre les t\u00f4les Corten lamin\u00e9es \u00e0 froid et \u00e0 chaud, et suivez la s\u00e9quence recommand\u00e9e pour l'application des produits \u00ab LineaCor \u00bb afin d'obtenir des r\u00e9sultats optimaux.<\/p>\n\n\t\t<\/div>\n\t<\/div>\n<div class=\"vc_empty_space  height_small\"   style=\"height: 16px\"><span class=\"vc_empty_space_inner\"><\/span><\/div><div class=\"sc_services sc_services_default\"><div class=\"sc_services_columns sc_item_columns sc_item_columns_3 trx_addons_columns_wrap columns_padding_bottom\"><div class=\"trx_addons_column-1_3\"><div class=\"sc_services_item with_content with_image sc_services_item_featured_top\">\n\t<div class=\"post_featured with_thumb hover_icon sc_services_item_thumb\"><img loading=\"lazy\" decoding=\"async\" width=\"740\" height=\"520\" src=\"https:\/\/rustystyle.be\/wp-content\/uploads\/2023\/02\/20230210_140546-740x520.jpg\" class=\"attachment-franco-thumb-med size-franco-thumb-med wp-post-image\" alt=\"Activator (Wet Cloth)\" \/><div class=\"mask\"><\/div><div class=\"icons\"><a href=\"https:\/\/rustystyle.be\/fr\/services\/activator-cloth\/\" aria-hidden=\"true\" class=\"icon-009-link\"><\/a><\/div><\/div>\t\n\t<div class=\"sc_services_item_info\">\n\t\t<div class=\"sc_services_item_header\">\n\t\t\t<h3 class=\"sc_services_item_title\"><a href=\"https:\/\/rustystyle.be\/fr\/services\/activator-cloth\/\">Activator (Wet Cloth)<\/a><\/h3>\n\t\t<\/div>\n\t\t\t<\/div>\n<\/div>\n<\/div><div class=\"trx_addons_column-1_3\"><div class=\"sc_services_item with_content with_image sc_services_item_featured_top\">\n\t<div class=\"post_featured with_thumb hover_icon sc_services_item_thumb\"><img loading=\"lazy\" decoding=\"async\" width=\"740\" height=\"520\" src=\"https:\/\/rustystyle.be\/wp-content\/uploads\/2021\/05\/act-COR-GEL-1L-3-740x520.jpg\" class=\"attachment-franco-thumb-med size-franco-thumb-med wp-post-image\" alt=\"New! \u2013 Gel-Based Activator\" \/><div class=\"mask\"><\/div><div class=\"icons\"><a href=\"https:\/\/rustystyle.be\/fr\/services\/gel-based-activator\/\" aria-hidden=\"true\" class=\"icon-009-link\"><\/a><\/div><\/div>\t\n\t<div class=\"sc_services_item_info\">\n\t\t<div class=\"sc_services_item_header\">\n\t\t\t<h3 class=\"sc_services_item_title\"><a href=\"https:\/\/rustystyle.be\/fr\/services\/gel-based-activator\/\">New! \u2013 Gel-Based Activator<\/a><\/h3>\n\t\t<\/div>\n\t\t\t<\/div>\n<\/div>\n<\/div><div class=\"trx_addons_column-1_3\"><div class=\"sc_services_item with_content with_image sc_services_item_featured_top\">\n\t<div class=\"post_featured with_thumb hover_icon sc_services_item_thumb\"><img loading=\"lazy\" decoding=\"async\" width=\"740\" height=\"520\" src=\"https:\/\/rustystyle.be\/wp-content\/uploads\/2021\/03\/ds-cor--740x520.jpg\" class=\"attachment-franco-thumb-med size-franco-thumb-med wp-post-image\" alt=\"Surface Degreaser\" \/><div class=\"mask\"><\/div><div class=\"icons\"><a href=\"https:\/\/rustystyle.be\/fr\/services\/surface-degreaser\/\" aria-hidden=\"true\" class=\"icon-009-link\"><\/a><\/div><\/div>\t\n\t<div class=\"sc_services_item_info\">\n\t\t<div class=\"sc_services_item_header\">\n\t\t\t<h3 class=\"sc_services_item_title\"><a href=\"https:\/\/rustystyle.be\/fr\/services\/surface-degreaser\/\">Surface Degreaser<\/a><\/h3>\n\t\t<\/div>\n\t\t\t<\/div>\n<\/div>\n<\/div><div class=\"trx_addons_column-1_3\"><div class=\"sc_services_item with_content with_image sc_services_item_featured_top\">\n\t<div class=\"post_featured with_thumb hover_icon sc_services_item_thumb\"><img loading=\"lazy\" decoding=\"async\" width=\"400\" height=\"400\" src=\"https:\/\/rustystyle.be\/wp-content\/uploads\/2018\/06\/b-COR_1L.jpg\" class=\"attachment-franco-thumb-med size-franco-thumb-med wp-post-image\" alt=\"Corten-Based Paint\" srcset=\"https:\/\/rustystyle.be\/wp-content\/uploads\/2018\/06\/b-COR_1L.jpg 400w, https:\/\/rustystyle.be\/wp-content\/uploads\/2018\/06\/b-COR_1L-150x150.jpg 150w, https:\/\/rustystyle.be\/wp-content\/uploads\/2018\/06\/b-COR_1L-300x300.jpg 300w, https:\/\/rustystyle.be\/wp-content\/uploads\/2018\/06\/b-COR_1L-370x370.jpg 370w\" sizes=\"(max-width: 400px) 100vw, 400px\" \/><div class=\"mask\"><\/div><div class=\"icons\"><a href=\"https:\/\/rustystyle.be\/fr\/services\/corten-based-paint-2\/\" aria-hidden=\"true\" class=\"icon-009-link\"><\/a><\/div><\/div>\t\n\t<div class=\"sc_services_item_info\">\n\t\t<div class=\"sc_services_item_header\">\n\t\t\t<h3 class=\"sc_services_item_title\"><a href=\"https:\/\/rustystyle.be\/fr\/services\/corten-based-paint-2\/\">Corten-Based Paint<\/a><\/h3>\n\t\t<\/div>\n\t\t\t<\/div>\n<\/div>\n<\/div><div class=\"trx_addons_column-1_3\"><div class=\"sc_services_item with_content with_image sc_services_item_featured_top\">\n\t<div class=\"post_featured with_thumb hover_icon sc_services_item_thumb\"><img loading=\"lazy\" decoding=\"async\" width=\"500\" height=\"500\" src=\"https:\/\/rustystyle.be\/wp-content\/uploads\/2018\/06\/act-COR-1L_.jpg\" class=\"attachment-franco-thumb-med size-franco-thumb-med wp-post-image\" alt=\"Activator\" srcset=\"https:\/\/rustystyle.be\/wp-content\/uploads\/2018\/06\/act-COR-1L_.jpg 500w, https:\/\/rustystyle.be\/wp-content\/uploads\/2018\/06\/act-COR-1L_-150x150.jpg 150w, https:\/\/rustystyle.be\/wp-content\/uploads\/2018\/06\/act-COR-1L_-300x300.jpg 300w, https:\/\/rustystyle.be\/wp-content\/uploads\/2018\/06\/act-COR-1L_-370x370.jpg 370w\" sizes=\"(max-width: 500px) 100vw, 500px\" \/><div class=\"mask\"><\/div><div class=\"icons\"><a href=\"https:\/\/rustystyle.be\/fr\/services\/activator\/\" aria-hidden=\"true\" class=\"icon-009-link\"><\/a><\/div><\/div>\t\n\t<div class=\"sc_services_item_info\">\n\t\t<div class=\"sc_services_item_header\">\n\t\t\t<h3 class=\"sc_services_item_title\"><a href=\"https:\/\/rustystyle.be\/fr\/services\/activator\/\">Activator<\/a><\/h3>\n\t\t<\/div>\n\t\t\t<\/div>\n<\/div>\n<\/div><div class=\"trx_addons_column-1_3\"><div class=\"sc_services_item with_content with_image sc_services_item_featured_top\">\n\t<div class=\"post_featured with_thumb hover_icon sc_services_item_thumb\"><img loading=\"lazy\" decoding=\"async\" width=\"500\" height=\"500\" src=\"https:\/\/rustystyle.be\/wp-content\/uploads\/2018\/06\/dx-COR-1L_.jpg\" class=\"attachment-franco-thumb-med size-franco-thumb-med wp-post-image\" alt=\"Surface Slag Remover\" srcset=\"https:\/\/rustystyle.be\/wp-content\/uploads\/2018\/06\/dx-COR-1L_.jpg 500w, https:\/\/rustystyle.be\/wp-content\/uploads\/2018\/06\/dx-COR-1L_-150x150.jpg 150w, https:\/\/rustystyle.be\/wp-content\/uploads\/2018\/06\/dx-COR-1L_-300x300.jpg 300w, https:\/\/rustystyle.be\/wp-content\/uploads\/2018\/06\/dx-COR-1L_-370x370.jpg 370w\" sizes=\"(max-width: 500px) 100vw, 500px\" \/><div class=\"mask\"><\/div><div class=\"icons\"><a href=\"https:\/\/rustystyle.be\/fr\/services\/surface-slag-remover\/\" aria-hidden=\"true\" class=\"icon-009-link\"><\/a><\/div><\/div>\t\n\t<div class=\"sc_services_item_info\">\n\t\t<div class=\"sc_services_item_header\">\n\t\t\t<h3 class=\"sc_services_item_title\"><a href=\"https:\/\/rustystyle.be\/fr\/services\/surface-slag-remover\/\">Surface Slag Remover<\/a><\/h3>\n\t\t<\/div>\n\t\t\t<\/div>\n<\/div>\n<\/div><div class=\"trx_addons_column-1_3\"><div class=\"sc_services_item with_content with_image sc_services_item_featured_top\">\n\t<div class=\"post_featured with_thumb hover_icon sc_services_item_thumb\"><img loading=\"lazy\" decoding=\"async\" width=\"500\" height=\"500\" src=\"https:\/\/rustystyle.be\/wp-content\/uploads\/2018\/06\/bp-COR-1L_.jpg\" class=\"attachment-franco-thumb-med size-franco-thumb-med wp-post-image\" alt=\"Fixative\" srcset=\"https:\/\/rustystyle.be\/wp-content\/uploads\/2018\/06\/bp-COR-1L_.jpg 500w, https:\/\/rustystyle.be\/wp-content\/uploads\/2018\/06\/bp-COR-1L_-150x150.jpg 150w, https:\/\/rustystyle.be\/wp-content\/uploads\/2018\/06\/bp-COR-1L_-300x300.jpg 300w, https:\/\/rustystyle.be\/wp-content\/uploads\/2018\/06\/bp-COR-1L_-370x370.jpg 370w\" sizes=\"(max-width: 500px) 100vw, 500px\" \/><div class=\"mask\"><\/div><div class=\"icons\"><a href=\"https:\/\/rustystyle.be\/fr\/services\/fixative\/\" aria-hidden=\"true\" class=\"icon-009-link\"><\/a><\/div><\/div>\t\n\t<div class=\"sc_services_item_info\">\n\t\t<div class=\"sc_services_item_header\">\n\t\t\t<h3 class=\"sc_services_item_title\"><a href=\"https:\/\/rustystyle.be\/fr\/services\/fixative\/\">Fixative<\/a><\/h3>\n\t\t<\/div>\n\t\t\t<\/div>\n<\/div>\n<\/div><div class=\"trx_addons_column-1_3\"><div class=\"sc_services_item with_content with_image sc_services_item_featured_top\">\n\t<div class=\"post_featured with_thumb hover_icon sc_services_item_thumb\"><img loading=\"lazy\" decoding=\"async\" width=\"500\" height=\"500\" src=\"https:\/\/rustystyle.be\/wp-content\/uploads\/2018\/06\/bz-COR-Barniz-protector-1L_.jpg\" class=\"attachment-franco-thumb-med size-franco-thumb-med wp-post-image\" alt=\"Semi-gloss Varnish for Interior Products\" srcset=\"https:\/\/rustystyle.be\/wp-content\/uploads\/2018\/06\/bz-COR-Barniz-protector-1L_.jpg 500w, https:\/\/rustystyle.be\/wp-content\/uploads\/2018\/06\/bz-COR-Barniz-protector-1L_-150x150.jpg 150w, https:\/\/rustystyle.be\/wp-content\/uploads\/2018\/06\/bz-COR-Barniz-protector-1L_-300x300.jpg 300w, https:\/\/rustystyle.be\/wp-content\/uploads\/2018\/06\/bz-COR-Barniz-protector-1L_-370x370.jpg 370w\" sizes=\"(max-width: 500px) 100vw, 500px\" \/><div class=\"mask\"><\/div><div class=\"icons\"><a href=\"https:\/\/rustystyle.be\/fr\/services\/semi-gloss-varnish-for-interior-products\/\" aria-hidden=\"true\" class=\"icon-009-link\"><\/a><\/div><\/div>\t\n\t<div class=\"sc_services_item_info\">\n\t\t<div class=\"sc_services_item_header\">\n\t\t\t<h3 class=\"sc_services_item_title\"><a href=\"https:\/\/rustystyle.be\/fr\/services\/semi-gloss-varnish-for-interior-products\/\">Semi-gloss Varnish for Interior Products<\/a><\/h3>\n\t\t<\/div>\n\t\t\t<\/div>\n<\/div>\n<\/div><div class=\"trx_addons_column-1_3\"><div class=\"sc_services_item with_content with_image sc_services_item_featured_top\">\n\t<div class=\"post_featured with_thumb hover_icon sc_services_item_thumb\"><img loading=\"lazy\" decoding=\"async\" width=\"500\" height=\"500\" src=\"https:\/\/rustystyle.be\/wp-content\/uploads\/2021\/07\/bz-COR-Nature-mate-1L_.jpg\" class=\"attachment-franco-thumb-med size-franco-thumb-med wp-post-image\" alt=\"Interior Product Matte Varnish\" srcset=\"https:\/\/rustystyle.be\/wp-content\/uploads\/2021\/07\/bz-COR-Nature-mate-1L_.jpg 500w, https:\/\/rustystyle.be\/wp-content\/uploads\/2021\/07\/bz-COR-Nature-mate-1L_-300x300.jpg 300w, https:\/\/rustystyle.be\/wp-content\/uploads\/2021\/07\/bz-COR-Nature-mate-1L_-150x150.jpg 150w, https:\/\/rustystyle.be\/wp-content\/uploads\/2021\/07\/bz-COR-Nature-mate-1L_-370x370.jpg 370w, https:\/\/rustystyle.be\/wp-content\/uploads\/2021\/07\/bz-COR-Nature-mate-1L_-100x100.jpg 100w\" sizes=\"(max-width: 500px) 100vw, 500px\" \/><div class=\"mask\"><\/div><div class=\"icons\"><a href=\"https:\/\/rustystyle.be\/fr\/services\/interior-product-matte-varnish\/\" aria-hidden=\"true\" class=\"icon-009-link\"><\/a><\/div><\/div>\t\n\t<div class=\"sc_services_item_info\">\n\t\t<div class=\"sc_services_item_header\">\n\t\t\t<h3 class=\"sc_services_item_title\"><a href=\"https:\/\/rustystyle.be\/fr\/services\/interior-product-matte-varnish\/\">Interior Product Matte Varnish<\/a><\/h3>\n\t\t<\/div>\n\t\t\t<\/div>\n<\/div>\n<\/div><div class=\"trx_addons_column-1_3\"><div class=\"sc_services_item with_content with_image sc_services_item_featured_top\">\n\t<div class=\"post_featured with_thumb hover_icon sc_services_item_thumb\"><img loading=\"lazy\" decoding=\"async\" width=\"497\" height=\"498\" src=\"https:\/\/rustystyle.be\/wp-content\/uploads\/2022\/01\/Bz-Cor-Polyurethane-gloss.jpg\" class=\"attachment-franco-thumb-med size-franco-thumb-med wp-post-image\" alt=\"Outdoor Product Glossy Varnish\" srcset=\"https:\/\/rustystyle.be\/wp-content\/uploads\/2022\/01\/Bz-Cor-Polyurethane-gloss.jpg 497w, https:\/\/rustystyle.be\/wp-content\/uploads\/2022\/01\/Bz-Cor-Polyurethane-gloss-300x300.jpg 300w, https:\/\/rustystyle.be\/wp-content\/uploads\/2022\/01\/Bz-Cor-Polyurethane-gloss-150x150.jpg 150w, https:\/\/rustystyle.be\/wp-content\/uploads\/2022\/01\/Bz-Cor-Polyurethane-gloss-370x370.jpg 370w, https:\/\/rustystyle.be\/wp-content\/uploads\/2022\/01\/Bz-Cor-Polyurethane-gloss-100x100.jpg 100w\" sizes=\"(max-width: 497px) 100vw, 497px\" \/><div class=\"mask\"><\/div><div class=\"icons\"><a href=\"https:\/\/rustystyle.be\/fr\/services\/outdoor-product-glossy-varnish\/\" aria-hidden=\"true\" class=\"icon-009-link\"><\/a><\/div><\/div>\t\n\t<div class=\"sc_services_item_info\">\n\t\t<div class=\"sc_services_item_header\">\n\t\t\t<h3 class=\"sc_services_item_title\"><a href=\"https:\/\/rustystyle.be\/fr\/services\/outdoor-product-glossy-varnish\/\">Outdoor Product Glossy Varnish<\/a><\/h3>\n\t\t<\/div>\n\t\t\t<\/div>\n<\/div>\n<\/div><div class=\"trx_addons_column-1_3\"><div class=\"sc_services_item with_content with_image sc_services_item_featured_top\">\n\t<div class=\"post_featured with_thumb hover_icon sc_services_item_thumb\"><img loading=\"lazy\" decoding=\"async\" width=\"376\" height=\"476\" src=\"https:\/\/rustystyle.be\/wp-content\/uploads\/2021\/05\/47511_1.jpg\" class=\"attachment-franco-thumb-med size-franco-thumb-med wp-post-image\" alt=\"Outdoor Product Varnish (Neutral)\" srcset=\"https:\/\/rustystyle.be\/wp-content\/uploads\/2021\/05\/47511_1.jpg 376w, https:\/\/rustystyle.be\/wp-content\/uploads\/2021\/05\/47511_1-237x300.jpg 237w, https:\/\/rustystyle.be\/wp-content\/uploads\/2021\/05\/47511_1-370x468.jpg 370w\" sizes=\"(max-width: 376px) 100vw, 376px\" \/><div class=\"mask\"><\/div><div class=\"icons\"><a href=\"https:\/\/rustystyle.be\/fr\/services\/outdoor-product-varnish-neutral\/\" aria-hidden=\"true\" class=\"icon-009-link\"><\/a><\/div><\/div>\t\n\t<div class=\"sc_services_item_info\">\n\t\t<div class=\"sc_services_item_header\">\n\t\t\t<h3 class=\"sc_services_item_title\"><a href=\"https:\/\/rustystyle.be\/fr\/services\/outdoor-product-varnish-neutral\/\">Outdoor Product Varnish (Neutral)<\/a><\/h3>\n\t\t<\/div>\n\t\t\t<\/div>\n<\/div>\n<\/div><\/div><\/div><!-- \/.sc_services --><div class=\"vc_empty_space  vc_custom_1489066678398 height_middle\"   style=\"height: 32px\"><span class=\"vc_empty_space_inner\"><\/span><\/div><\/div><\/div><\/div><\/div><div data-vc-full-width=\"true\" data-vc-full-width-init=\"false\" class=\"vc_row wpb_row vc_row-fluid vc_custom_1489072886044 vc_row-has-fill\"><div class=\"wpb_column vc_column_container vc_col-sm-12 sc_layouts_column_icons_position_left\"><div class=\"vc_column-inner\"><div class=\"wpb_wrapper\"><div class=\"sc_layouts sc_layouts_default sc_layouts_619\"><div data-vc-full-width=\"true\" data-vc-full-width-init=\"false\" class=\"vc_row wpb_row vc_row-fluid vc_custom_1509383582769 vc_row-has-fill\"><div class=\"wpb_column vc_column_container vc_col-sm-6 sc_layouts_column_icons_position_left\"><div class=\"vc_column-inner\"><div class=\"wpb_wrapper\"><div class=\"vc_empty_space  height_biggest\"   style=\"height: 32px\"><span class=\"vc_empty_space_inner\"><\/span><\/div><div class=\"sc_layouts_item\"><div  id=\"sc_action_772193643\" \n\tclass=\"sc_action sc_action_medium\"><div class=\"sc_action_content sc_item_content\"><div class=\"sc_action_item sc_action_item_medium sc_action_item_mc\">\n\t\t\t<h3 class=\"sc_action_item_title\"><span>Vous avez des questions ? Besoin d'une consultation ?<\/span><\/h3><div class=\"sc_action_item_description\"><span>Contactez-nous, et nous serons ravis de vous conseiller, de vous aider \u00e0 choisir les bonnes options, de planifier efficacement les mat\u00e9riaux et les quantit\u00e9s, d'\u00e9valuer le budget et de discuter des possibilit\u00e9s d'installation et d'autres questions connexes.<\/span><\/div><a href=\"http:\/\/rustystyle.be\/fr\/kontaktai-en\/\" class=\"sc_action_item_link\">Envoyer une demande<\/a><\/div><\/div><\/div><!-- \/.sc_action --><\/div><div class=\"vc_empty_space  vc_custom_1489072517773 height_biggest\"   style=\"height: 32px\"><span class=\"vc_empty_space_inner\"><\/span><\/div><\/div><\/div><\/div><div class=\"wpb_column vc_column_container vc_col-sm-6 sc_layouts_column_icons_position_left\"><div class=\"vc_column-inner\"><div class=\"wpb_wrapper\"><\/div><\/div><\/div><\/div><div class=\"vc_row-full-width vc_clearfix\"><\/div><\/div><\/div><\/div><\/div><\/div><div class=\"vc_row-full-width vc_clearfix\"><\/div>\n<\/div>","protected":false},"excerpt":{"rendered":"This polyurethane varnish consists of two components in a ratio of 10:1; it is a transparent varnish with medium viscosity\/durability and a very short drying time between coats. This product creates an extremely strong layer for Corten steel surfaces that&hellip;","protected":false},"author":1,"featured_media":0,"parent":0,"menu_order":0,"comment_status":"closed","ping_status":"closed","template":"","meta":{"_acf_changed":false,"inline_featured_image":false,"footnotes":""},"acf":[],"aioseo_notices":[],"yoast_head":"<!-- This site is optimized with the Yoast SEO plugin v22.5 - https:\/\/yoast.com\/wordpress\/plugins\/seo\/ -->\n<title>R\u016bdinimo priemon\u0117s - Rustystyle.be<\/title>\n<meta name=\"description\" content=\"Pagaliau, mes turime sprendimus visiems CORTEN plieno apdirbimo ir panaudojimo atvejams. \u0160iame skyriuje rasite cheminius produktus skirtus apdirbti Corten plien\u0105, kad jis atrodyt\u0173 taip, kaip J\u016bs norite.\" \/>\n<meta name=\"robots\" content=\"index, follow, max-snippet:-1, max-image-preview:large, max-video-preview:-1\" \/>\n<link rel=\"canonical\" href=\"https:\/\/rustystyle.be\/fr\/rusting-agents-2\/\" \/>\n<meta property=\"og:locale\" content=\"fr_FR\" \/>\n<meta property=\"og:type\" content=\"article\" \/>\n<meta property=\"og:title\" content=\"R\u016bdinimo priemon\u0117s - Rustystyle.be\" \/>\n<meta property=\"og:description\" content=\"Pagaliau, mes turime sprendimus visiems CORTEN plieno apdirbimo ir panaudojimo atvejams. \u0160iame skyriuje rasite cheminius produktus skirtus apdirbti Corten plien\u0105, kad jis atrodyt\u0173 taip, kaip J\u016bs norite.\" \/>\n<meta property=\"og:url\" content=\"https:\/\/rustystyle.be\/fr\/rusting-agents-2\/\" \/>\n<meta property=\"og:site_name\" content=\"Rustystyle.be\" \/>\n<meta property=\"article:modified_time\" content=\"2025-02-04T12:51:56+00:00\" \/>\n<meta name=\"twitter:card\" content=\"summary_large_image\" \/>\n<meta name=\"twitter:label1\" content=\"Dur\u00e9e de lecture est.\" \/>\n\t<meta name=\"twitter:data1\" content=\"2 minutes\" \/>\n<script type=\"application\/ld+json\" class=\"yoast-schema-graph\">{\"@context\":\"https:\/\/schema.org\",\"@graph\":[{\"@type\":\"WebPage\",\"@id\":\"https:\/\/rustystyle.be\/rusting-agents-2\/\",\"url\":\"https:\/\/rustystyle.be\/rusting-agents-2\/\",\"name\":\"R\u016bdinimo priemon\u0117s - Rustystyle.be\",\"isPartOf\":{\"@id\":\"https:\/\/rustystyle.be\/#website\"},\"datePublished\":\"2018-06-19T08:38:52+00:00\",\"dateModified\":\"2025-02-04T12:51:56+00:00\",\"description\":\"Pagaliau, mes turime sprendimus visiems CORTEN plieno apdirbimo ir panaudojimo atvejams. \u0160iame skyriuje rasite cheminius produktus skirtus apdirbti Corten plien\u0105, kad jis atrodyt\u0173 taip, kaip J\u016bs norite.\",\"breadcrumb\":{\"@id\":\"https:\/\/rustystyle.be\/rusting-agents-2\/#breadcrumb\"},\"inLanguage\":\"fr-BE\",\"potentialAction\":[{\"@type\":\"ReadAction\",\"target\":[\"https:\/\/rustystyle.be\/rusting-agents-2\/\"]}]},{\"@type\":\"BreadcrumbList\",\"@id\":\"https:\/\/rustystyle.be\/rusting-agents-2\/#breadcrumb\",\"itemListElement\":[{\"@type\":\"ListItem\",\"position\":1,\"name\":\"Home\",\"item\":\"https:\/\/rustystyle.be\/\"},{\"@type\":\"ListItem\",\"position\":2,\"name\":\"Rusting Agents\"}]},{\"@type\":\"WebSite\",\"@id\":\"https:\/\/rustystyle.be\/#website\",\"url\":\"https:\/\/rustystyle.be\/\",\"name\":\"Rustystyle.be\",\"description\":\"Corten steel products\",\"potentialAction\":[{\"@type\":\"SearchAction\",\"target\":{\"@type\":\"EntryPoint\",\"urlTemplate\":\"https:\/\/rustystyle.be\/?s={search_term_string}\"},\"query-input\":\"required name=search_term_string\"}],\"inLanguage\":\"fr-BE\"}]}<\/script>\n<!-- \/ Yoast SEO plugin. -->","yoast_head_json":{"title":"R\u016bdinimo priemon\u0117s - Rustystyle.be","description":"Pagaliau, mes turime sprendimus visiems CORTEN plieno apdirbimo ir panaudojimo atvejams. \u0160iame skyriuje rasite cheminius produktus skirtus apdirbti Corten plien\u0105, kad jis atrodyt\u0173 taip, kaip J\u016bs norite.","robots":{"index":"index","follow":"follow","max-snippet":"max-snippet:-1","max-image-preview":"max-image-preview:large","max-video-preview":"max-video-preview:-1"},"canonical":"https:\/\/rustystyle.be\/fr\/rusting-agents-2\/","og_locale":"fr_FR","og_type":"article","og_title":"R\u016bdinimo priemon\u0117s - Rustystyle.be","og_description":"Pagaliau, mes turime sprendimus visiems CORTEN plieno apdirbimo ir panaudojimo atvejams. \u0160iame skyriuje rasite cheminius produktus skirtus apdirbti Corten plien\u0105, kad jis atrodyt\u0173 taip, kaip J\u016bs norite.","og_url":"https:\/\/rustystyle.be\/fr\/rusting-agents-2\/","og_site_name":"Rustystyle.be","article_modified_time":"2025-02-04T12:51:56+00:00","twitter_card":"summary_large_image","twitter_misc":{"Dur\u00e9e de lecture est.":"2 minutes"},"schema":{"@context":"https:\/\/schema.org","@graph":[{"@type":"WebPage","@id":"https:\/\/rustystyle.be\/rusting-agents-2\/","url":"https:\/\/rustystyle.be\/rusting-agents-2\/","name":"R\u016bdinimo priemon\u0117s - Rustystyle.be","isPartOf":{"@id":"https:\/\/rustystyle.be\/#website"},"datePublished":"2018-06-19T08:38:52+00:00","dateModified":"2025-02-04T12:51:56+00:00","description":"Pagaliau, mes turime sprendimus visiems CORTEN plieno apdirbimo ir panaudojimo atvejams. \u0160iame skyriuje rasite cheminius produktus skirtus apdirbti Corten plien\u0105, kad jis atrodyt\u0173 taip, kaip J\u016bs norite.","breadcrumb":{"@id":"https:\/\/rustystyle.be\/rusting-agents-2\/#breadcrumb"},"inLanguage":"fr-BE","potentialAction":[{"@type":"ReadAction","target":["https:\/\/rustystyle.be\/rusting-agents-2\/"]}]},{"@type":"BreadcrumbList","@id":"https:\/\/rustystyle.be\/rusting-agents-2\/#breadcrumb","itemListElement":[{"@type":"ListItem","position":1,"name":"Home","item":"https:\/\/rustystyle.be\/"},{"@type":"ListItem","position":2,"name":"Rusting Agents"}]},{"@type":"WebSite","@id":"https:\/\/rustystyle.be\/#website","url":"https:\/\/rustystyle.be\/","name":"Rustystyle.be","description":"Corten steel products","potentialAction":[{"@type":"SearchAction","target":{"@type":"EntryPoint","urlTemplate":"https:\/\/rustystyle.be\/?s={search_term_string}"},"query-input":"required name=search_term_string"}],"inLanguage":"fr-BE"}]}},"_links":{"self":[{"href":"https:\/\/rustystyle.be\/fr\/wp-json\/wp\/v2\/pages\/1670"}],"collection":[{"href":"https:\/\/rustystyle.be\/fr\/wp-json\/wp\/v2\/pages"}],"about":[{"href":"https:\/\/rustystyle.be\/fr\/wp-json\/wp\/v2\/types\/page"}],"author":[{"embeddable":true,"href":"https:\/\/rustystyle.be\/fr\/wp-json\/wp\/v2\/users\/1"}],"replies":[{"embeddable":true,"href":"https:\/\/rustystyle.be\/fr\/wp-json\/wp\/v2\/comments?post=1670"}],"version-history":[{"count":24,"href":"https:\/\/rustystyle.be\/fr\/wp-json\/wp\/v2\/pages\/1670\/revisions"}],"predecessor-version":[{"id":11052,"href":"https:\/\/rustystyle.be\/fr\/wp-json\/wp\/v2\/pages\/1670\/revisions\/11052"}],"wp:attachment":[{"href":"https:\/\/rustystyle.be\/fr\/wp-json\/wp\/v2\/media?parent=1670"}],"curies":[{"name":"wp","href":"https:\/\/api.w.org\/{rel}","templated":true}]}}